{"id":2288,"date":"2017-06-14T11:05:39","date_gmt":"2017-06-14T11:05:39","guid":{"rendered":"https:\/\/belle-helene.com\/die-haengebruecke-zwischen-riederalp-und-belalp\/"},"modified":"2022-12-03T15:26:02","modified_gmt":"2022-12-03T15:26:02","slug":"die-haengebruecke-zwischen-riederalp-und-belalp","status":"publish","type":"page","link":"https:\/\/belle-helene.com\/de\/bergwanderung\/die-haengebruecke-zwischen-riederalp-und-belalp\/","title":{"rendered":"Die H\u00e4ngebr\u00fccke zwischen Riederalp und Belalp"},"content":{"rendered":"<p>[et_pb_section fb_built=&#8220;1&#8243; admin_label=&#8220;section&#8220; _builder_version=&#8220;3.22&#8243;][et_pb_row admin_label=&#8220;rij&#8220; _builder_version=&#8220;4.7.7&#8243; background_size=&#8220;initial&#8220; background_position=&#8220;top_left&#8220; background_repeat=&#8220;repeat&#8220; hover_enabled=&#8220;0&#8243; sticky_enabled=&#8220;0&#8243;][et_pb_column type=&#8220;4_4&#8243; _builder_version=&#8220;3.25&#8243; custom_padding=&#8220;|||&#8220; custom_padding__hover=&#8220;|||&#8220;][et_pb_text _builder_version=&#8220;4.7.6&#8243; _module_preset=&#8220;default&#8220; text_font_size=&#8220;30px&#8220;]<\/p>\n<p>Tagestour Fiesch &#8211; Riederalp &#8211; Belalp H\u00e4ngebr\u00fccke<\/p>\n<p>[\/et_pb_text][et_pb_text admin_label=&#8220;Text&#8220; _builder_version=&#8220;4.7.7&#8243; background_size=&#8220;initial&#8220; background_position=&#8220;top_left&#8220; background_repeat=&#8220;repeat&#8220; hover_enabled=&#8220;0&#8243; sticky_enabled=&#8220;0&#8243;]<\/p>\n<p>Ein wundersch\u00f6ner Tagesausflug vom Chalet zur H\u00e4ngebr\u00fccke zwischen Riederalp und Belalp. Die H\u00e4ngebr\u00fccke hat eine Spannweite von 124 m und einen Durchhang von 5,5 bis 6,8 m (je nach Belastung). Der Tagesausflug ist f\u00fcr Anf\u00e4nger, aber Sie m\u00fcssen in der Lage sein, etwa 5 bis 6 Stunden zu Fu\u00df zu gehen. Es gibt 3 gro\u00dfe Gondeln ins Aletschgebiet, davon 1 in M\u00f6rel-Filet. F\u00fcr diesen Tagesausflug ist es sinnvoll, zuerst nach M\u00f6rel-Filet zu fahren (5 km Richtung Brig auf der 19 runter). Dann k\u00f6nnen Sie mit der Gondel nach oben fahren. Die Kosten f\u00fcr die Gondelfahrt betragen rund CHF 22 pP f\u00fcr eine Retoure.<\/p>\n<p>Die Karte unten zeigt Ihnen, wie Sie zu Fu\u00df gehen. Zuerst mit der Gondel zur Riederalp West (2065m) von Fiesch (1150m) zur Fiescheralp und dann den roten Weg zur H\u00e4ngebr\u00fccke (1560m).<\/p>\n<p>[\/et_pb_text][et_pb_image src=&#8220;https:\/\/belle-helene.com\/wp-content\/uploads\/2020\/12\/chalet-belle-helene-Kaart-hangbrug-Riederalp-Belalp.png&#8220; _builder_version=&#8220;4.7.7&#8243; _module_preset=&#8220;default&#8220; alt=&#8220;chalet belle helene Karte-hangbrug-Riederalp-Belalp&#8220; title_text=&#8220;chalet belle helene Karte-hangbrug-Riederalp-Belalp&#8220; hover_enabled=&#8220;0&#8243; sticky_enabled=&#8220;0&#8243; align=&#8220;center&#8220; border_width_all=&#8220;1px&#8220;][\/et_pb_image][et_pb_text admin_label=&#8220;Text&#8220; _builder_version=&#8220;4.7.6&#8243; background_size=&#8220;initial&#8220; background_position=&#8220;top_left&#8220; background_repeat=&#8220;repeat&#8220;]<\/p>\n<p>Auf der Karte k\u00f6nnen Sie sehen, dass er von 2065 m auf 1560 m abf\u00e4llt. Sie wandern durch den teilweise unter Naturschutz stehenden Aletschwald. Zu Beginn k\u00f6nnen Sie auch zur Villa Cassel gehen, wo Sie mehr Einblick in die Flora und Fauna des einzigartigen Aletschgebiets erhalten. Es gibt auch ein Restaurant f\u00fcr einen sch\u00f6nen Cappuccino.<\/p>\n<p>Nachdem Sie die H\u00e4ngebr\u00fccke \u00fcberquert haben, k\u00f6nnen Sie weiter zum Gletschertor (1716m) gehen. Von dort sieht man in der Ferne den sich zur\u00fcckziehenden Aletschgletscher. Sie m\u00fcssen es nicht f\u00fcr die Aussicht tun. Wer jedoch \u00fcber die Belalp zur\u00fcckwandern m\u00f6chte, kann beim Aussichtspunkt die Route zur Belalp w\u00e4hlen. Das ist eine sch\u00f6ne Fortsetzung deiner Route. Sie wandern via Overaletsch und Hotel Belalp nach Blatten (bei Naters). Von dort mit dem Bus nach Naters und dann zur\u00fcck nach Fiesch (Ausstieg bei der Talstation Fiesch). F\u00fcr dieses letzte St\u00fcck kannst du auch den Zug nehmen und bei der Talstation in Fiesch aussteigen.<\/p>\n<p>Unterwegs gibt es viel zu sehen. Unten sind einige Bilder von der Reise, die ich mit Freunden im Juli 2020 gemacht habe.<\/p>\n<p>Eine unvergessliche Reise, besonders f\u00fcr diejenigen, die nicht viel in den Bergen gewandert sind!<\/p>\n<p>[\/et_pb_text][et_pb_gallery gallery_ids=&#8220;1969,1967,1965,1963,1961,1959,1957&#8243; fullwidth=&#8220;on&#8220; hover_icon=&#8220;%%47%%&#8220; _builder_version=&#8220;4.7.7&#8243; _module_preset=&#8220;default&#8220; hover_enabled=&#8220;0&#8243; border_width_all=&#8220;1px&#8220; sticky_enabled=&#8220;0&#8243;][\/et_pb_gallery][\/et_pb_column][\/et_pb_row][\/et_pb_section]<\/p>\n","protected":false},"excerpt":{"rendered":"<p>Eine z\u00fcgige Wanderung zur H\u00e4ngebr\u00fccke Riederalp &#8211; Belalp<\/p>\n","protected":false},"author":4,"featured_media":0,"parent":2411,"menu_order":0,"comment_status":"closed","ping_status":"closed","template":"","meta":{"_et_pb_use_builder":"on","_et_pb_old_content":"","_et_gb_content_width":"","footnotes":""},"class_list":["post-2288","page","type-page","status-publish","hentry"],"yoast_head":"<!-- This site is optimized with the Yoast SEO plugin v27.5 - https:\/\/yoast.com\/product\/yoast-seo-wordpress\/ -->\n<title>Die H\u00e4ngebr\u00fccke zwischen Riederalp und Belalp - Chalet Belle H\u00e9l\u00e8ne<\/title>\n<meta name=\"description\" content=\"Eine z\u00fcgige Wanderung zur H\u00e4ngebr\u00fccke Riederalp - Belalp mit Aussichtspunkt auf den Aletschgletscher.\" \/>\n<meta name=\"robots\" content=\"index, follow, max-snippet:-1, max-image-preview:large, max-video-preview:-1\" \/>\n<link rel=\"canonical\" href=\"https:\/\/belle-helene.com\/de\/bergwanderung\/die-haengebruecke-zwischen-riederalp-und-belalp\/\" \/>\n<meta property=\"og:locale\" content=\"de_DE\" \/>\n<meta property=\"og:type\" content=\"article\" \/>\n<meta property=\"og:title\" content=\"Die H\u00e4ngebr\u00fccke zwischen Riederalp und Belalp - Chalet Belle H\u00e9l\u00e8ne\" \/>\n<meta property=\"og:description\" content=\"Eine z\u00fcgige Wanderung zur H\u00e4ngebr\u00fccke Riederalp - Belalp mit Aussichtspunkt auf den Aletschgletscher.\" \/>\n<meta property=\"og:url\" content=\"https:\/\/belle-helene.com\/de\/bergwanderung\/die-haengebruecke-zwischen-riederalp-und-belalp\/\" \/>\n<meta property=\"og:site_name\" content=\"Chalet Belle H\u00e9l\u00e8ne\" \/>\n<meta property=\"article:publisher\" content=\"https:\/\/www.facebook.com\/Chalet-Belle-Helene-112540057201399\" \/>\n<meta property=\"article:modified_time\" content=\"2022-12-03T15:26:02+00:00\" \/>\n<meta name=\"twitter:card\" content=\"summary_large_image\" \/>\n<meta name=\"twitter:site\" content=\"@FranklinProsman\" \/>\n<meta name=\"twitter:label1\" content=\"Gesch\u00e4tzte Lesezeit\" \/>\n\t<meta name=\"twitter:data1\" content=\"3\u00a0Minuten\" \/>\n<script type=\"application\/ld+json\" class=\"yoast-schema-graph\">{\"@context\":\"https:\\\/\\\/schema.org\",\"@graph\":[{\"@type\":\"WebPage\",\"@id\":\"https:\\\/\\\/belle-helene.com\\\/de\\\/bergwanderung\\\/die-haengebruecke-zwischen-riederalp-und-belalp\\\/\",\"url\":\"https:\\\/\\\/belle-helene.com\\\/de\\\/bergwanderung\\\/die-haengebruecke-zwischen-riederalp-und-belalp\\\/\",\"name\":\"Die H\u00e4ngebr\u00fccke zwischen Riederalp und Belalp - Chalet Belle H\u00e9l\u00e8ne\",\"isPartOf\":{\"@id\":\"https:\\\/\\\/belle-helene.com\\\/de\\\/#website\"},\"datePublished\":\"2017-06-14T11:05:39+00:00\",\"dateModified\":\"2022-12-03T15:26:02+00:00\",\"description\":\"Eine z\u00fcgige Wanderung zur H\u00e4ngebr\u00fccke Riederalp - Belalp mit Aussichtspunkt auf den Aletschgletscher.\",\"breadcrumb\":{\"@id\":\"https:\\\/\\\/belle-helene.com\\\/de\\\/bergwanderung\\\/die-haengebruecke-zwischen-riederalp-und-belalp\\\/#breadcrumb\"},\"inLanguage\":\"de\",\"potentialAction\":[{\"@type\":\"ReadAction\",\"target\":[\"https:\\\/\\\/belle-helene.com\\\/de\\\/bergwanderung\\\/die-haengebruecke-zwischen-riederalp-und-belalp\\\/\"]}]},{\"@type\":\"BreadcrumbList\",\"@id\":\"https:\\\/\\\/belle-helene.com\\\/de\\\/bergwanderung\\\/die-haengebruecke-zwischen-riederalp-und-belalp\\\/#breadcrumb\",\"itemListElement\":[{\"@type\":\"ListItem\",\"position\":1,\"name\":\"Home\",\"item\":\"https:\\\/\\\/belle-helene.com\\\/de\\\/\"},{\"@type\":\"ListItem\",\"position\":2,\"name\":\"Die H\u00e4ngebr\u00fccke zwischen Riederalp und Belalp\"}]},{\"@type\":\"WebSite\",\"@id\":\"https:\\\/\\\/belle-helene.com\\\/de\\\/#website\",\"url\":\"https:\\\/\\\/belle-helene.com\\\/de\\\/\",\"name\":\"Chalet Belle H\u00e9l\u00e8ne\",\"description\":\"Chalet te huur in Fiesch (Wallis, Zwitserland)\",\"publisher\":{\"@id\":\"https:\\\/\\\/belle-helene.com\\\/de\\\/#organization\"},\"potentialAction\":[{\"@type\":\"SearchAction\",\"target\":{\"@type\":\"EntryPoint\",\"urlTemplate\":\"https:\\\/\\\/belle-helene.com\\\/de\\\/?s={search_term_string}\"},\"query-input\":{\"@type\":\"PropertyValueSpecification\",\"valueRequired\":true,\"valueName\":\"search_term_string\"}}],\"inLanguage\":\"de\"},{\"@type\":\"Organization\",\"@id\":\"https:\\\/\\\/belle-helene.com\\\/de\\\/#organization\",\"name\":\"Chalet Belle H\u00e9l\u00e8ne\",\"url\":\"https:\\\/\\\/belle-helene.com\\\/de\\\/\",\"logo\":{\"@type\":\"ImageObject\",\"inLanguage\":\"de\",\"@id\":\"https:\\\/\\\/belle-helene.com\\\/de\\\/#\\\/schema\\\/logo\\\/image\\\/\",\"url\":\"\",\"contentUrl\":\"\",\"caption\":\"Chalet Belle H\u00e9l\u00e8ne\"},\"image\":{\"@id\":\"https:\\\/\\\/belle-helene.com\\\/de\\\/#\\\/schema\\\/logo\\\/image\\\/\"},\"sameAs\":[\"https:\\\/\\\/www.facebook.com\\\/Chalet-Belle-Helene-112540057201399\",\"https:\\\/\\\/x.com\\\/FranklinProsman\",\"https:\\\/\\\/www.linkedin.com\\\/in\\\/franklinprosman\\\/\"]}]}<\/script>\n<!-- \/ Yoast SEO plugin. -->","yoast_head_json":{"title":"Die H\u00e4ngebr\u00fccke zwischen Riederalp und Belalp - Chalet Belle H\u00e9l\u00e8ne","description":"Eine z\u00fcgige Wanderung zur H\u00e4ngebr\u00fccke Riederalp - Belalp mit Aussichtspunkt auf den Aletschgletscher.","robots":{"index":"index","follow":"follow","max-snippet":"max-snippet:-1","max-image-preview":"max-image-preview:large","max-video-preview":"max-video-preview:-1"},"canonical":"https:\/\/belle-helene.com\/de\/bergwanderung\/die-haengebruecke-zwischen-riederalp-und-belalp\/","og_locale":"de_DE","og_type":"article","og_title":"Die H\u00e4ngebr\u00fccke zwischen Riederalp und Belalp - Chalet Belle H\u00e9l\u00e8ne","og_description":"Eine z\u00fcgige Wanderung zur H\u00e4ngebr\u00fccke Riederalp - Belalp mit Aussichtspunkt auf den Aletschgletscher.","og_url":"https:\/\/belle-helene.com\/de\/bergwanderung\/die-haengebruecke-zwischen-riederalp-und-belalp\/","og_site_name":"Chalet Belle H\u00e9l\u00e8ne","article_publisher":"https:\/\/www.facebook.com\/Chalet-Belle-Helene-112540057201399","article_modified_time":"2022-12-03T15:26:02+00:00","twitter_card":"summary_large_image","twitter_site":"@FranklinProsman","twitter_misc":{"Gesch\u00e4tzte Lesezeit":"3\u00a0Minuten"},"schema":{"@context":"https:\/\/schema.org","@graph":[{"@type":"WebPage","@id":"https:\/\/belle-helene.com\/de\/bergwanderung\/die-haengebruecke-zwischen-riederalp-und-belalp\/","url":"https:\/\/belle-helene.com\/de\/bergwanderung\/die-haengebruecke-zwischen-riederalp-und-belalp\/","name":"Die H\u00e4ngebr\u00fccke zwischen Riederalp und Belalp - Chalet Belle H\u00e9l\u00e8ne","isPartOf":{"@id":"https:\/\/belle-helene.com\/de\/#website"},"datePublished":"2017-06-14T11:05:39+00:00","dateModified":"2022-12-03T15:26:02+00:00","description":"Eine z\u00fcgige Wanderung zur H\u00e4ngebr\u00fccke Riederalp - Belalp mit Aussichtspunkt auf den Aletschgletscher.","breadcrumb":{"@id":"https:\/\/belle-helene.com\/de\/bergwanderung\/die-haengebruecke-zwischen-riederalp-und-belalp\/#breadcrumb"},"inLanguage":"de","potentialAction":[{"@type":"ReadAction","target":["https:\/\/belle-helene.com\/de\/bergwanderung\/die-haengebruecke-zwischen-riederalp-und-belalp\/"]}]},{"@type":"BreadcrumbList","@id":"https:\/\/belle-helene.com\/de\/bergwanderung\/die-haengebruecke-zwischen-riederalp-und-belalp\/#breadcrumb","itemListElement":[{"@type":"ListItem","position":1,"name":"Home","item":"https:\/\/belle-helene.com\/de\/"},{"@type":"ListItem","position":2,"name":"Die H\u00e4ngebr\u00fccke zwischen Riederalp und Belalp"}]},{"@type":"WebSite","@id":"https:\/\/belle-helene.com\/de\/#website","url":"https:\/\/belle-helene.com\/de\/","name":"Chalet Belle H\u00e9l\u00e8ne","description":"Chalet te huur in Fiesch (Wallis, Zwitserland)","publisher":{"@id":"https:\/\/belle-helene.com\/de\/#organization"},"potentialAction":[{"@type":"SearchAction","target":{"@type":"EntryPoint","urlTemplate":"https:\/\/belle-helene.com\/de\/?s={search_term_string}"},"query-input":{"@type":"PropertyValueSpecification","valueRequired":true,"valueName":"search_term_string"}}],"inLanguage":"de"},{"@type":"Organization","@id":"https:\/\/belle-helene.com\/de\/#organization","name":"Chalet Belle H\u00e9l\u00e8ne","url":"https:\/\/belle-helene.com\/de\/","logo":{"@type":"ImageObject","inLanguage":"de","@id":"https:\/\/belle-helene.com\/de\/#\/schema\/logo\/image\/","url":"","contentUrl":"","caption":"Chalet Belle H\u00e9l\u00e8ne"},"image":{"@id":"https:\/\/belle-helene.com\/de\/#\/schema\/logo\/image\/"},"sameAs":["https:\/\/www.facebook.com\/Chalet-Belle-Helene-112540057201399","https:\/\/x.com\/FranklinProsman","https:\/\/www.linkedin.com\/in\/franklinprosman\/"]}]}},"_links":{"self":[{"href":"https:\/\/belle-helene.com\/de\/wp-json\/wp\/v2\/pages\/2288","targetHints":{"allow":["GET"]}}],"collection":[{"href":"https:\/\/belle-helene.com\/de\/wp-json\/wp\/v2\/pages"}],"about":[{"href":"https:\/\/belle-helene.com\/de\/wp-json\/wp\/v2\/types\/page"}],"author":[{"embeddable":true,"href":"https:\/\/belle-helene.com\/de\/wp-json\/wp\/v2\/users\/4"}],"replies":[{"embeddable":true,"href":"https:\/\/belle-helene.com\/de\/wp-json\/wp\/v2\/comments?post=2288"}],"version-history":[{"count":3,"href":"https:\/\/belle-helene.com\/de\/wp-json\/wp\/v2\/pages\/2288\/revisions"}],"predecessor-version":[{"id":2291,"href":"https:\/\/belle-helene.com\/de\/wp-json\/wp\/v2\/pages\/2288\/revisions\/2291"}],"up":[{"embeddable":true,"href":"https:\/\/belle-helene.com\/de\/wp-json\/wp\/v2\/pages\/2411"}],"wp:attachment":[{"href":"https:\/\/belle-helene.com\/de\/wp-json\/wp\/v2\/media?parent=2288"}],"curies":[{"name":"wp","href":"https:\/\/api.w.org\/{rel}","templated":true}]}}