{"id":2295,"date":"2020-11-17T21:14:16","date_gmt":"2020-11-17T21:14:16","guid":{"rendered":"https:\/\/belle-helene.com\/reservieren\/"},"modified":"2022-12-09T10:35:45","modified_gmt":"2022-12-09T10:35:45","slug":"reservieren","status":"publish","type":"page","link":"https:\/\/belle-helene.com\/de\/reservieren\/","title":{"rendered":"reservieren"},"content":{"rendered":"<p>[et_pb_section fb_built=&#8220;1&#8243; _builder_version=&#8220;4.16&#8243; global_colors_info=&#8220;{}&#8220;][et_pb_row _builder_version=&#8220;4.16&#8243; background_size=&#8220;initial&#8220; background_position=&#8220;top_left&#8220; background_repeat=&#8220;repeat&#8220; global_colors_info=&#8220;{}&#8220;][et_pb_column type=&#8220;4_4&#8243; _builder_version=&#8220;4.16&#8243; custom_padding=&#8220;|||&#8220; global_colors_info=&#8220;{}&#8220; custom_padding__hover=&#8220;|||&#8220;][et_pb_text _builder_version=&#8220;4.16&#8243; _module_preset=&#8220;default&#8220; global_colors_info=&#8220;{}&#8220;]<\/p>\n<h1>Kontaktdaten, Informationen anfordern oder buchen<\/h1>\n<p>[\/et_pb_text][\/et_pb_column][\/et_pb_row][et_pb_row column_structure=&#8220;2_5,3_5&#8243; _builder_version=&#8220;4.16&#8243; _module_preset=&#8220;default&#8220; global_colors_info=&#8220;{}&#8220;][et_pb_column type=&#8220;2_5&#8243; _builder_version=&#8220;4.16&#8243; _module_preset=&#8220;default&#8220; global_colors_info=&#8220;{}&#8220;][et_pb_text _builder_version=&#8220;4.16&#8243; background_size=&#8220;initial&#8220; background_position=&#8220;top_left&#8220; background_repeat=&#8220;repeat&#8220; width=&#8220;100%&#8220; max_width=&#8220;100%&#8220; custom_padding=&#8220;20px|15px|10px|15px|false|false&#8220; box_shadow_style=&#8220;preset1&#8243; global_colors_info=&#8220;{}&#8220;]<\/p>\n<p>Sie k\u00f6nnen eine Woche mit dem untenstehenden Formular reservieren. F\u00fcllen Sie das Formular aus und wir werden Ihre Frage innerhalb von 2 Tagen beantworten. Sie k\u00f6nnen angeben, ob es sich um eine Informationsanfrage oder eine Buchung handelt.<\/p>\n<p>Wichtig f\u00fcr die Berechnung der Kurtaxe ist, dass Sie die Zahl pro Altersgruppe angeben. F\u00fcr 2022 gelten folgende Tarife:<\/p>\n<ul>\n<li>Ab 17 Jahre pro Tag 3,50 \u20ac<\/li>\n<li>Von 4 bis 16 Jahren pro Tag 1,75 \u20ac<\/li>\n<li>Unter 4 Jahren keine Kurtaxe<\/li>\n<\/ul>\n<p>Sie k\u00f6nnen die Option f\u00fcr Bettw\u00e4sche und Handt\u00fccher ankreuzen. Pro Person bekommt man einen Waschlappen, ein kleines und ein gro\u00dfes Handtuch.<\/p>\n<p>Die M\u00f6glichkeit, einen kleinen Hund mitzubringen, gilt nur f\u00fcr Hunde, die gute Zuh\u00f6rer sind und saubere Gewohnheiten haben.<\/p>\n<p>Wenn Sie Informationen anfordern, sind Sie zu nichts verpflichtet, es sei denn, Sie geben an, dass es sich um eine Buchung handelt. Wenn Sie zuerst die genauen Kosten wissen m\u00f6chten, k\u00f6nnen Sie diese oben berechnen. Es ist sch\u00f6n zu wissen, wo Sie in Bezug auf die Kosten stehen.<\/p>\n<p>&nbsp;<\/p>\n<h4>Adressdetails Chalet Belle H\u00e9l\u00e8ne<\/h4>\n<p>Cheera 25<br \/>Fiesch, Wallis<br \/>Schweiz<\/p>\n<h4>Adresse und Kontaktdaten des Eigent\u00fcmers<\/h4>\n<p>Franklin Prosman<br \/>Handy +316 27080763<br \/>Wilhelminalaan 13<br \/>2405EB Alphen aan den Rijn<br \/>IBAN NL65 INGB 0673 2576 14<\/p>\n<p>[\/et_pb_text][\/et_pb_column][et_pb_column type=&#8220;3_5&#8243; _builder_version=&#8220;4.16&#8243; _module_preset=&#8220;default&#8220; global_colors_info=&#8220;{}&#8220;][cff_divi cff_form_id=&#8220;9&#8243; _builder_version=&#8220;4.19.1&#8243; _module_preset=&#8220;default&#8220; global_colors_info=&#8220;{}&#8220;][\/cff_divi][\/et_pb_column][\/et_pb_row][\/et_pb_section][et_pb_section fb_built=&#8220;1&#8243; _builder_version=&#8220;4.16&#8243; _module_preset=&#8220;default&#8220; top_divider_style=&#8220;arrow3&#8243; top_divider_color=&#8220;#0c71c3&#8243; global_colors_info=&#8220;{}&#8220;][et_pb_row _builder_version=&#8220;4.16&#8243; _module_preset=&#8220;default&#8220; global_colors_info=&#8220;{}&#8220;][et_pb_column type=&#8220;4_4&#8243; _builder_version=&#8220;4.16&#8243; _module_preset=&#8220;default&#8220; global_colors_info=&#8220;{}&#8220;][et_pb_text _builder_version=&#8220;4.16&#8243; _module_preset=&#8220;default&#8220; global_colors_info=&#8220;{}&#8220;]<\/p>\n<h3>Unten sehen Sie bereits get\u00e4tigte Reservierungen und Buchungen<\/h3>\n<p>[\/et_pb_text][wpsbc_divi_single_calendar id=&#8220;1&#8243; title=&#8220;no&#8220; legend_position=&#8220;top&#8220; display=&#8220;3&#8243; history=&#8220;3&#8243; tooltip=&#8220;3&#8243; highlighttoday=&#8220;yes&#8220; weeknumbers=&#8220;yes&#8220; _builder_version=&#8220;4.19.0&#8243; _module_preset=&#8220;default&#8220; global_colors_info=&#8220;{}&#8220;][\/wpsbc_divi_single_calendar][et_pb_text _builder_version=&#8220;4.19.2&#8243; _module_preset=&#8220;default&#8220; hover_enabled=&#8220;0&#8243; global_colors_info=&#8220;{}&#8220; sticky_enabled=&#8220;0&#8243;]<\/p>\n<h3>Unten k\u00f6nnen Sie Ihre Anfrage stellen, eine Reservierung anfordern oder einfach Informationen anfordern<\/h3>\n<p>[\/et_pb_text][et_pb_contact_form email=&#8220;fprosman@gmail.com&#8220; success_message=&#8220;Vielen Dank f\u00fcr Ihre Reservierung. Sie h\u00f6ren innerhalb von 48 Stunden von uns.&#8220; submit_button_text=&#8220;Senden&#8220; _builder_version=&#8220;4.19.2&#8243; _module_preset=&#8220;default&#8220; _unique_id=&#8220;ab00589b-b3a2-4c6c-ba8b-b464c02bf71c&#8220; background_color=&#8220;rgba(0,0,0,0)&#8220; custom_button=&#8220;on&#8220; button_text_color=&#8220;#0DA0C5&#8243; button_border_radius=&#8220;10px&#8220; button_font=&#8220;|||on|||||&#8220; button_icon=&#8220;&#x3d;||divi||400&#8243; hover_enabled=&#8220;0&#8243; locked=&#8220;off&#8220; global_colors_info=&#8220;{}&#8220; sticky_enabled=&#8220;0&#8243; custom_padding=&#8220;0px||||false|false&#8220; custom_message=&#8220;Naam:  %%name%%||et_pb_line_break_holder||Email:  %%email%%||et_pb_line_break_holder||Telefoon: %%Telefoon%%||et_pb_line_break_holder||Incheckdatum:  %%Incheckdatum%%||et_pb_line_break_holder||Uitcheckdatum:  %%Uitcheckdatum%%||et_pb_line_break_holder||Aantal volwassenen:  %%Aantal_volwassenen%%||et_pb_line_break_holder||Aantal grote kids: %%Aantal_grote_kinderen%%||et_pb_line_break_holder||Aantal kleine kids:  %%aantal_kinderen%%||et_pb_line_break_holder||Bericht: ||et_pb_line_break_holder||%%Message%%&#8220;][et_pb_contact_field field_id=&#8220;Voornaam&#8220; field_title=&#8220;Vorname&#8220; _builder_version=&#8220;4.19.2&#8243; hover_enabled=&#8220;0&#8243; global_colors_info=&#8220;{}&#8220; button_text_size__hover_enabled=&#8220;off&#8220; button_one_text_size__hover_enabled=&#8220;off&#8220; button_two_text_size__hover_enabled=&#8220;off&#8220; button_text_color__hover_enabled=&#8220;off&#8220; button_one_text_color__hover_enabled=&#8220;off&#8220; button_two_text_color__hover_enabled=&#8220;off&#8220; button_border_width__hover_enabled=&#8220;off&#8220; button_one_border_width__hover_enabled=&#8220;off&#8220; button_two_border_width__hover_enabled=&#8220;off&#8220; button_border_color__hover_enabled=&#8220;off&#8220; button_one_border_color__hover_enabled=&#8220;off&#8220; button_two_border_color__hover_enabled=&#8220;off&#8220; button_border_radius__hover_enabled=&#8220;off&#8220; button_one_border_radius__hover_enabled=&#8220;off&#8220; button_two_border_radius__hover_enabled=&#8220;off&#8220; button_letter_spacing__hover_enabled=&#8220;off&#8220; button_one_letter_spacing__hover_enabled=&#8220;off&#8220; button_two_letter_spacing__hover_enabled=&#8220;off&#8220; button_bg_color__hover_enabled=&#8220;off&#8220; button_one_bg_color__hover_enabled=&#8220;off&#8220; button_two_bg_color__hover_enabled=&#8220;off&#8220; max_length=&#8220;78&#8243; sticky_enabled=&#8220;0&#8243; background_color=&#8220;RGBA(255,255,255,0)&#8220; background_enable_color=&#8220;on&#8220; max_width=&#8220;100%&#8220; allowed_symbols=&#8220;letters&#8220;][\/et_pb_contact_field][et_pb_contact_field field_id=&#8220;Achternaam&#8220; field_title=&#8220;Nachname&#8220; max_length=&#8220;20&#8243; allowed_symbols=&#8220;letters&#8220; _builder_version=&#8220;4.19.2&#8243; _module_preset=&#8220;default&#8220; hover_enabled=&#8220;0&#8243; global_colors_info=&#8220;{}&#8220; sticky_enabled=&#8220;0&#8243; custom_margin=&#8220;16px|||0px|false|false&#8220;][\/et_pb_contact_field][et_pb_contact_field field_id=&#8220;Email&#8220; field_title=&#8220;E-Mail-Addresse&#8220; field_type=&#8220;email&#8220; _builder_version=&#8220;4.19.2&#8243; hover_enabled=&#8220;0&#8243; global_colors_info=&#8220;{}&#8220; button_text_size__hover_enabled=&#8220;off&#8220; button_one_text_size__hover_enabled=&#8220;off&#8220; button_two_text_size__hover_enabled=&#8220;off&#8220; button_text_color__hover_enabled=&#8220;off&#8220; button_one_text_color__hover_enabled=&#8220;off&#8220; button_two_text_color__hover_enabled=&#8220;off&#8220; button_border_width__hover_enabled=&#8220;off&#8220; button_one_border_width__hover_enabled=&#8220;off&#8220; button_two_border_width__hover_enabled=&#8220;off&#8220; button_border_color__hover_enabled=&#8220;off&#8220; button_one_border_color__hover_enabled=&#8220;off&#8220; button_two_border_color__hover_enabled=&#8220;off&#8220; button_border_radius__hover_enabled=&#8220;off&#8220; button_one_border_radius__hover_enabled=&#8220;off&#8220; button_two_border_radius__hover_enabled=&#8220;off&#8220; button_letter_spacing__hover_enabled=&#8220;off&#8220; button_one_letter_spacing__hover_enabled=&#8220;off&#8220; button_two_letter_spacing__hover_enabled=&#8220;off&#8220; button_bg_color__hover_enabled=&#8220;off&#8220; button_one_bg_color__hover_enabled=&#8220;off&#8220; button_two_bg_color__hover_enabled=&#8220;off&#8220; max_width=&#8220;50%&#8220; sticky_enabled=&#8220;0&#8243; width=&#8220;50%&#8220;][\/et_pb_contact_field][et_pb_contact_field field_id=&#8220;Telefoon&#8220; field_title=&#8220;Telefon&#8220; field_type=&#8220;email&#8220; _builder_version=&#8220;4.19.2&#8243; hover_enabled=&#8220;0&#8243; global_colors_info=&#8220;{}&#8220; button_text_size__hover_enabled=&#8220;off&#8220; button_one_text_size__hover_enabled=&#8220;off&#8220; button_two_text_size__hover_enabled=&#8220;off&#8220; button_text_color__hover_enabled=&#8220;off&#8220; button_one_text_color__hover_enabled=&#8220;off&#8220; button_two_text_color__hover_enabled=&#8220;off&#8220; button_border_width__hover_enabled=&#8220;off&#8220; button_one_border_width__hover_enabled=&#8220;off&#8220; button_two_border_width__hover_enabled=&#8220;off&#8220; button_border_color__hover_enabled=&#8220;off&#8220; button_one_border_color__hover_enabled=&#8220;off&#8220; button_two_border_color__hover_enabled=&#8220;off&#8220; button_border_radius__hover_enabled=&#8220;off&#8220; button_one_border_radius__hover_enabled=&#8220;off&#8220; button_two_border_radius__hover_enabled=&#8220;off&#8220; button_letter_spacing__hover_enabled=&#8220;off&#8220; button_one_letter_spacing__hover_enabled=&#8220;off&#8220; button_two_letter_spacing__hover_enabled=&#8220;off&#8220; button_bg_color__hover_enabled=&#8220;off&#8220; button_one_bg_color__hover_enabled=&#8220;off&#8220; button_two_bg_color__hover_enabled=&#8220;off&#8220; max_width=&#8220;50%&#8220; sticky_enabled=&#8220;0&#8243; width=&#8220;50%&#8220; required_mark=&#8220;off&#8220;][\/et_pb_contact_field][et_pb_contact_field field_id=&#8220;Incheckdatum&#8220; field_title=&#8220;Anreisedatum (tt-mm-jjjj)&#8220; _builder_version=&#8220;4.19.2&#8243; _module_preset=&#8220;default&#8220; hover_enabled=&#8220;0&#8243; global_colors_info=&#8220;{}&#8220; max_length=&#8220;30&#8243; sticky_enabled=&#8220;0&#8243; width=&#8220;20%&#8220; max_width=&#8220;50%&#8220;][\/et_pb_contact_field][et_pb_contact_field field_id=&#8220;Uitcheckdatum&#8220; field_title=&#8220;Abreisedatum (tt-mm-jjjj)&#8220; _builder_version=&#8220;4.19.2&#8243; _module_preset=&#8220;default&#8220; hover_enabled=&#8220;0&#8243; global_colors_info=&#8220;{}&#8220; max_length=&#8220;30&#8243; sticky_enabled=&#8220;0&#8243; max_width=&#8220;50%&#8220; width=&#8220;20%&#8220;][\/et_pb_contact_field][et_pb_contact_field field_id=&#8220;Aantal_volwassenen&#8220; field_title=&#8220;Anzahl Erwachsene (17 Jahre und \u00e4lter)&#8220; allowed_symbols=&#8220;numbers&#8220; _builder_version=&#8220;4.19.2&#8243; _module_preset=&#8220;default&#8220; hover_enabled=&#8220;0&#8243; global_colors_info=&#8220;{}&#8220; max_length=&#8220;10&#8243; sticky_enabled=&#8220;0&#8243; max_width=&#8220;50%&#8220;][\/et_pb_contact_field][et_pb_contact_field field_id=&#8220;Aantal_grote_kinderen&#8220; field_title=&#8220;Anzahl der Kinder (4-16)&#8220; allowed_symbols=&#8220;numbers&#8220; _builder_version=&#8220;4.19.2&#8243; _module_preset=&#8220;default&#8220; hover_enabled=&#8220;0&#8243; global_colors_info=&#8220;{}&#8220; max_length=&#8220;10&#8243; sticky_enabled=&#8220;0&#8243; max_width=&#8220;50%&#8220;][\/et_pb_contact_field][et_pb_contact_field field_id=&#8220;aantal_kinderen_(0-3)&#8220; field_title=&#8220;Anzahl der Kinder (0-3)&#8220; allowed_symbols=&#8220;numbers&#8220; fullwidth_field=&#8220;on&#8220; _builder_version=&#8220;4.19.2&#8243; _module_preset=&#8220;default&#8220; hover_enabled=&#8220;0&#8243; global_colors_info=&#8220;{}&#8220; max_length=&#8220;10&#8243; sticky_enabled=&#8220;0&#8243; max_width=&#8220;50%&#8220;][\/et_pb_contact_field][et_pb_contact_field field_id=&#8220;Message&#8220; field_title=&#8220;Zus\u00e4tzliche Informationen oder Fragen&#8220; field_type=&#8220;text&#8220; required_mark=&#8220;off&#8220; fullwidth_field=&#8220;on&#8220; _builder_version=&#8220;4.16&#8243; global_colors_info=&#8220;{}&#8220; button_text_size__hover_enabled=&#8220;off&#8220; button_one_text_size__hover_enabled=&#8220;off&#8220; button_two_text_size__hover_enabled=&#8220;off&#8220; button_text_color__hover_enabled=&#8220;off&#8220; button_one_text_color__hover_enabled=&#8220;off&#8220; button_two_text_color__hover_enabled=&#8220;off&#8220; button_border_width__hover_enabled=&#8220;off&#8220; button_one_border_width__hover_enabled=&#8220;off&#8220; button_two_border_width__hover_enabled=&#8220;off&#8220; button_border_color__hover_enabled=&#8220;off&#8220; button_one_border_color__hover_enabled=&#8220;off&#8220; button_two_border_color__hover_enabled=&#8220;off&#8220; button_border_radius__hover_enabled=&#8220;off&#8220; button_one_border_radius__hover_enabled=&#8220;off&#8220; button_two_border_radius__hover_enabled=&#8220;off&#8220; button_letter_spacing__hover_enabled=&#8220;off&#8220; button_one_letter_spacing__hover_enabled=&#8220;off&#8220; button_two_letter_spacing__hover_enabled=&#8220;off&#8220; button_bg_color__hover_enabled=&#8220;off&#8220; button_one_bg_color__hover_enabled=&#8220;off&#8220; button_two_bg_color__hover_enabled=&#8220;off&#8220;][\/et_pb_contact_field][\/et_pb_contact_form][\/et_pb_column][\/et_pb_row][et_pb_row _builder_version=&#8220;4.16&#8243; _module_preset=&#8220;default&#8220; global_colors_info=&#8220;{}&#8220;][et_pb_column type=&#8220;4_4&#8243; _builder_version=&#8220;4.16&#8243; _module_preset=&#8220;default&#8220; global_colors_info=&#8220;{}&#8220;][\/et_pb_column][\/et_pb_row][\/et_pb_section]<\/p>\n","protected":false},"excerpt":{"rendered":"<p>Informationen anfordern, reservieren und buchen Chalet Belle H\u00e9l\u00e8ne<\/p>\n","protected":false},"author":2,"featured_media":2143,"parent":0,"menu_order":0,"comment_status":"closed","ping_status":"closed","template":"","meta":{"_et_pb_use_builder":"on","_et_pb_old_content":"","_et_gb_content_width":"","footnotes":""},"class_list":["post-2295","page","type-page","status-publish","has-post-thumbnail","hentry"],"yoast_head":"<!-- This site is optimized with the Yoast SEO plugin v27.6 - https:\/\/yoast.com\/product\/yoast-seo-wordpress\/ -->\n<title>reservieren - Chalet Belle H\u00e9l\u00e8ne<\/title>\n<meta name=\"description\" content=\"Informationen anfordern, reservieren und buchen Chalet Belle H\u00e9l\u00e8ne\" \/>\n<meta name=\"robots\" content=\"index, follow, max-snippet:-1, max-image-preview:large, max-video-preview:-1\" \/>\n<link rel=\"canonical\" href=\"https:\/\/belle-helene.com\/de\/reservieren\/\" \/>\n<meta property=\"og:locale\" content=\"de_DE\" \/>\n<meta property=\"og:type\" content=\"article\" \/>\n<meta property=\"og:title\" content=\"reservieren - Chalet Belle H\u00e9l\u00e8ne\" \/>\n<meta property=\"og:description\" content=\"Informationen anfordern, reservieren und buchen Chalet Belle H\u00e9l\u00e8ne\" \/>\n<meta property=\"og:url\" content=\"https:\/\/belle-helene.com\/de\/reservieren\/\" \/>\n<meta property=\"og:site_name\" content=\"Chalet Belle H\u00e9l\u00e8ne\" \/>\n<meta property=\"article:publisher\" content=\"https:\/\/www.facebook.com\/Chalet-Belle-Helene-112540057201399\" \/>\n<meta property=\"article:modified_time\" content=\"2022-12-09T10:35:45+00:00\" \/>\n<meta property=\"og:image\" content=\"https:\/\/belle-helene.com\/wp-content\/uploads\/2020\/12\/Chalet-belle-helene-Fiesch-wintersport-sneeuw.png\" \/>\n\t<meta property=\"og:image:width\" content=\"600\" \/>\n\t<meta property=\"og:image:height\" content=\"416\" \/>\n\t<meta property=\"og:image:type\" content=\"image\/png\" \/>\n<meta name=\"twitter:card\" content=\"summary_large_image\" \/>\n<meta name=\"twitter:site\" content=\"@FranklinProsman\" \/>\n<meta name=\"twitter:label1\" content=\"Gesch\u00e4tzte Lesezeit\" \/>\n\t<meta name=\"twitter:data1\" content=\"8\u00a0Minuten\" \/>\n<script type=\"application\/ld+json\" class=\"yoast-schema-graph\">{\"@context\":\"https:\\\/\\\/schema.org\",\"@graph\":[{\"@type\":\"WebPage\",\"@id\":\"https:\\\/\\\/belle-helene.com\\\/de\\\/reservieren\\\/\",\"url\":\"https:\\\/\\\/belle-helene.com\\\/de\\\/reservieren\\\/\",\"name\":\"reservieren - Chalet Belle H\u00e9l\u00e8ne\",\"isPartOf\":{\"@id\":\"https:\\\/\\\/belle-helene.com\\\/de\\\/#website\"},\"primaryImageOfPage\":{\"@id\":\"https:\\\/\\\/belle-helene.com\\\/de\\\/reservieren\\\/#primaryimage\"},\"image\":{\"@id\":\"https:\\\/\\\/belle-helene.com\\\/de\\\/reservieren\\\/#primaryimage\"},\"thumbnailUrl\":\"https:\\\/\\\/belle-helene.com\\\/wp-content\\\/uploads\\\/2020\\\/12\\\/Chalet-belle-helene-Fiesch-wintersport-sneeuw.png\",\"datePublished\":\"2020-11-17T21:14:16+00:00\",\"dateModified\":\"2022-12-09T10:35:45+00:00\",\"description\":\"Informationen anfordern, reservieren und buchen Chalet Belle H\u00e9l\u00e8ne\",\"breadcrumb\":{\"@id\":\"https:\\\/\\\/belle-helene.com\\\/de\\\/reservieren\\\/#breadcrumb\"},\"inLanguage\":\"de\",\"potentialAction\":[{\"@type\":\"ReadAction\",\"target\":[\"https:\\\/\\\/belle-helene.com\\\/de\\\/reservieren\\\/\"]}]},{\"@type\":\"ImageObject\",\"inLanguage\":\"de\",\"@id\":\"https:\\\/\\\/belle-helene.com\\\/de\\\/reservieren\\\/#primaryimage\",\"url\":\"https:\\\/\\\/belle-helene.com\\\/wp-content\\\/uploads\\\/2020\\\/12\\\/Chalet-belle-helene-Fiesch-wintersport-sneeuw.png\",\"contentUrl\":\"https:\\\/\\\/belle-helene.com\\\/wp-content\\\/uploads\\\/2020\\\/12\\\/Chalet-belle-helene-Fiesch-wintersport-sneeuw.png\",\"width\":600,\"height\":416},{\"@type\":\"BreadcrumbList\",\"@id\":\"https:\\\/\\\/belle-helene.com\\\/de\\\/reservieren\\\/#breadcrumb\",\"itemListElement\":[{\"@type\":\"ListItem\",\"position\":1,\"name\":\"Home\",\"item\":\"https:\\\/\\\/belle-helene.com\\\/de\\\/\"},{\"@type\":\"ListItem\",\"position\":2,\"name\":\"reservieren\"}]},{\"@type\":\"WebSite\",\"@id\":\"https:\\\/\\\/belle-helene.com\\\/de\\\/#website\",\"url\":\"https:\\\/\\\/belle-helene.com\\\/de\\\/\",\"name\":\"Chalet Belle H\u00e9l\u00e8ne\",\"description\":\"Chalet te huur in Fiesch (Wallis, Zwitserland)\",\"publisher\":{\"@id\":\"https:\\\/\\\/belle-helene.com\\\/de\\\/#organization\"},\"potentialAction\":[{\"@type\":\"SearchAction\",\"target\":{\"@type\":\"EntryPoint\",\"urlTemplate\":\"https:\\\/\\\/belle-helene.com\\\/de\\\/?s={search_term_string}\"},\"query-input\":{\"@type\":\"PropertyValueSpecification\",\"valueRequired\":true,\"valueName\":\"search_term_string\"}}],\"inLanguage\":\"de\"},{\"@type\":\"Organization\",\"@id\":\"https:\\\/\\\/belle-helene.com\\\/de\\\/#organization\",\"name\":\"Chalet Belle H\u00e9l\u00e8ne\",\"url\":\"https:\\\/\\\/belle-helene.com\\\/de\\\/\",\"logo\":{\"@type\":\"ImageObject\",\"inLanguage\":\"de\",\"@id\":\"https:\\\/\\\/belle-helene.com\\\/de\\\/#\\\/schema\\\/logo\\\/image\\\/\",\"url\":\"\",\"contentUrl\":\"\",\"caption\":\"Chalet Belle H\u00e9l\u00e8ne\"},\"image\":{\"@id\":\"https:\\\/\\\/belle-helene.com\\\/de\\\/#\\\/schema\\\/logo\\\/image\\\/\"},\"sameAs\":[\"https:\\\/\\\/www.facebook.com\\\/Chalet-Belle-Helene-112540057201399\",\"https:\\\/\\\/x.com\\\/FranklinProsman\",\"https:\\\/\\\/www.linkedin.com\\\/in\\\/franklinprosman\\\/\"]}]}<\/script>\n<!-- \/ Yoast SEO plugin. -->","yoast_head_json":{"title":"reservieren - Chalet Belle H\u00e9l\u00e8ne","description":"Informationen anfordern, reservieren und buchen Chalet Belle H\u00e9l\u00e8ne","robots":{"index":"index","follow":"follow","max-snippet":"max-snippet:-1","max-image-preview":"max-image-preview:large","max-video-preview":"max-video-preview:-1"},"canonical":"https:\/\/belle-helene.com\/de\/reservieren\/","og_locale":"de_DE","og_type":"article","og_title":"reservieren - Chalet Belle H\u00e9l\u00e8ne","og_description":"Informationen anfordern, reservieren und buchen Chalet Belle H\u00e9l\u00e8ne","og_url":"https:\/\/belle-helene.com\/de\/reservieren\/","og_site_name":"Chalet Belle H\u00e9l\u00e8ne","article_publisher":"https:\/\/www.facebook.com\/Chalet-Belle-Helene-112540057201399","article_modified_time":"2022-12-09T10:35:45+00:00","og_image":[{"width":600,"height":416,"url":"https:\/\/belle-helene.com\/wp-content\/uploads\/2020\/12\/Chalet-belle-helene-Fiesch-wintersport-sneeuw.png","type":"image\/png"}],"twitter_card":"summary_large_image","twitter_site":"@FranklinProsman","twitter_misc":{"Gesch\u00e4tzte Lesezeit":"8\u00a0Minuten"},"schema":{"@context":"https:\/\/schema.org","@graph":[{"@type":"WebPage","@id":"https:\/\/belle-helene.com\/de\/reservieren\/","url":"https:\/\/belle-helene.com\/de\/reservieren\/","name":"reservieren - Chalet Belle H\u00e9l\u00e8ne","isPartOf":{"@id":"https:\/\/belle-helene.com\/de\/#website"},"primaryImageOfPage":{"@id":"https:\/\/belle-helene.com\/de\/reservieren\/#primaryimage"},"image":{"@id":"https:\/\/belle-helene.com\/de\/reservieren\/#primaryimage"},"thumbnailUrl":"https:\/\/belle-helene.com\/wp-content\/uploads\/2020\/12\/Chalet-belle-helene-Fiesch-wintersport-sneeuw.png","datePublished":"2020-11-17T21:14:16+00:00","dateModified":"2022-12-09T10:35:45+00:00","description":"Informationen anfordern, reservieren und buchen Chalet Belle H\u00e9l\u00e8ne","breadcrumb":{"@id":"https:\/\/belle-helene.com\/de\/reservieren\/#breadcrumb"},"inLanguage":"de","potentialAction":[{"@type":"ReadAction","target":["https:\/\/belle-helene.com\/de\/reservieren\/"]}]},{"@type":"ImageObject","inLanguage":"de","@id":"https:\/\/belle-helene.com\/de\/reservieren\/#primaryimage","url":"https:\/\/belle-helene.com\/wp-content\/uploads\/2020\/12\/Chalet-belle-helene-Fiesch-wintersport-sneeuw.png","contentUrl":"https:\/\/belle-helene.com\/wp-content\/uploads\/2020\/12\/Chalet-belle-helene-Fiesch-wintersport-sneeuw.png","width":600,"height":416},{"@type":"BreadcrumbList","@id":"https:\/\/belle-helene.com\/de\/reservieren\/#breadcrumb","itemListElement":[{"@type":"ListItem","position":1,"name":"Home","item":"https:\/\/belle-helene.com\/de\/"},{"@type":"ListItem","position":2,"name":"reservieren"}]},{"@type":"WebSite","@id":"https:\/\/belle-helene.com\/de\/#website","url":"https:\/\/belle-helene.com\/de\/","name":"Chalet Belle H\u00e9l\u00e8ne","description":"Chalet te huur in Fiesch (Wallis, Zwitserland)","publisher":{"@id":"https:\/\/belle-helene.com\/de\/#organization"},"potentialAction":[{"@type":"SearchAction","target":{"@type":"EntryPoint","urlTemplate":"https:\/\/belle-helene.com\/de\/?s={search_term_string}"},"query-input":{"@type":"PropertyValueSpecification","valueRequired":true,"valueName":"search_term_string"}}],"inLanguage":"de"},{"@type":"Organization","@id":"https:\/\/belle-helene.com\/de\/#organization","name":"Chalet Belle H\u00e9l\u00e8ne","url":"https:\/\/belle-helene.com\/de\/","logo":{"@type":"ImageObject","inLanguage":"de","@id":"https:\/\/belle-helene.com\/de\/#\/schema\/logo\/image\/","url":"","contentUrl":"","caption":"Chalet Belle H\u00e9l\u00e8ne"},"image":{"@id":"https:\/\/belle-helene.com\/de\/#\/schema\/logo\/image\/"},"sameAs":["https:\/\/www.facebook.com\/Chalet-Belle-Helene-112540057201399","https:\/\/x.com\/FranklinProsman","https:\/\/www.linkedin.com\/in\/franklinprosman\/"]}]}},"_links":{"self":[{"href":"https:\/\/belle-helene.com\/de\/wp-json\/wp\/v2\/pages\/2295","targetHints":{"allow":["GET"]}}],"collection":[{"href":"https:\/\/belle-helene.com\/de\/wp-json\/wp\/v2\/pages"}],"about":[{"href":"https:\/\/belle-helene.com\/de\/wp-json\/wp\/v2\/types\/page"}],"author":[{"embeddable":true,"href":"https:\/\/belle-helene.com\/de\/wp-json\/wp\/v2\/users\/2"}],"replies":[{"embeddable":true,"href":"https:\/\/belle-helene.com\/de\/wp-json\/wp\/v2\/comments?post=2295"}],"version-history":[{"count":4,"href":"https:\/\/belle-helene.com\/de\/wp-json\/wp\/v2\/pages\/2295\/revisions"}],"predecessor-version":[{"id":2439,"href":"https:\/\/belle-helene.com\/de\/wp-json\/wp\/v2\/pages\/2295\/revisions\/2439"}],"wp:featuredmedia":[{"embeddable":true,"href":"https:\/\/belle-helene.com\/de\/wp-json\/wp\/v2\/media\/2143"}],"wp:attachment":[{"href":"https:\/\/belle-helene.com\/de\/wp-json\/wp\/v2\/media?parent=2295"}],"curies":[{"name":"wp","href":"https:\/\/api.w.org\/{rel}","templated":true}]}}