{"id":2305,"date":"2020-12-13T22:59:48","date_gmt":"2020-12-13T22:59:48","guid":{"rendered":"https:\/\/belle-helene.com\/chalet-details\/"},"modified":"2022-12-03T20:02:26","modified_gmt":"2022-12-03T20:02:26","slug":"chalet-details","status":"publish","type":"page","link":"https:\/\/belle-helene.com\/de\/chalet-details\/","title":{"rendered":"Chalet-Details"},"content":{"rendered":"<p>[et_pb_section fb_built=&#8220;1&#8243; _builder_version=&#8220;4.7.6&#8243; _module_preset=&#8220;default&#8220;][et_pb_row _builder_version=&#8220;4.7.6&#8243; _module_preset=&#8220;default&#8220;][et_pb_column type=&#8220;4_4&#8243; _builder_version=&#8220;4.7.6&#8243; _module_preset=&#8220;default&#8220;][et_pb_text _builder_version=&#8220;4.7.7&#8243; _module_preset=&#8220;default&#8220; text_font=&#8220;|||on|||||&#8220; text_font_size=&#8220;32px&#8220; text_orientation=&#8220;center&#8220; module_alignment=&#8220;center&#8220; custom_margin=&#8220;10px||30px||false|false&#8220;]<\/p>\n<h3>Fotos Chalet Belle H\u00e9l\u00e8ne oben<\/h3>\n<p>[\/et_pb_text][et_pb_gallery gallery_ids=&#8220;2001,1993,1989,1927,2109,2105,2101,2095,2093,2251,2253,2255&#8243; fullwidth=&#8220;on&#8220; _builder_version=&#8220;4.9.4&#8243; _module_preset=&#8220;default&#8220; border_width_all=&#8220;1px&#8220;][\/et_pb_gallery][\/et_pb_column][\/et_pb_row][et_pb_row _builder_version=&#8220;4.7.6&#8243; _module_preset=&#8220;default&#8220;][et_pb_column type=&#8220;4_4&#8243; _builder_version=&#8220;4.7.6&#8243; _module_preset=&#8220;default&#8220;][et_pb_text _builder_version=&#8220;4.7.7&#8243; _module_preset=&#8220;default&#8220; text_font=&#8220;|||on|||||&#8220; text_font_size=&#8220;32px&#8220; text_orientation=&#8220;center&#8220; module_alignment=&#8220;center&#8220; custom_margin=&#8220;10px||30px||false|false&#8220;]<\/p>\n<h3>Fotos Chalet Belle H\u00e9l\u00e8ne unten<\/h3>\n<p>[\/et_pb_text][et_pb_gallery gallery_ids=&#8220;1899,2119,2113,2015,2009,2171,2257,2259,2263,2261&#8243; fullwidth=&#8220;on&#8220; _builder_version=&#8220;4.9.4&#8243; _module_preset=&#8220;default&#8220; hover_enabled=&#8220;0&#8243; border_width_all=&#8220;1px&#8220; sticky_enabled=&#8220;0&#8243;][\/et_pb_gallery][\/et_pb_column][\/et_pb_row][\/et_pb_section][et_pb_section fb_built=&#8220;1&#8243; _builder_version=&#8220;4.9.4&#8243; _module_preset=&#8220;default&#8220;][\/et_pb_section]<\/p>\n","protected":false},"excerpt":{"rendered":"<p>Fotos Chalet Belle H\u00e9l\u00e8ne obenFotos Chalet Belle H\u00e9l\u00e8ne unten<\/p>\n","protected":false},"author":2,"featured_media":0,"parent":0,"menu_order":0,"comment_status":"closed","ping_status":"closed","template":"","meta":{"_et_pb_use_builder":"on","_et_pb_old_content":"","_et_gb_content_width":"","footnotes":""},"class_list":["post-2305","page","type-page","status-publish","hentry"],"yoast_head":"<!-- This site is optimized with the Yoast SEO plugin v27.5 - https:\/\/yoast.com\/product\/yoast-seo-wordpress\/ -->\n<title>Chalet-Details - Chalet Belle H\u00e9l\u00e8ne<\/title>\n<meta name=\"robots\" content=\"index, follow, max-snippet:-1, max-image-preview:large, max-video-preview:-1\" \/>\n<link rel=\"canonical\" href=\"https:\/\/belle-helene.com\/de\/chalet-details\/\" \/>\n<meta property=\"og:locale\" content=\"de_DE\" \/>\n<meta property=\"og:type\" content=\"article\" \/>\n<meta property=\"og:title\" content=\"Chalet-Details - Chalet Belle H\u00e9l\u00e8ne\" \/>\n<meta property=\"og:description\" content=\"Fotos von au\u00dfenBilder des Chalets im InnerenFotos der UmgebungDas Chalet befindet sich in idealer Lage f\u00fcr Skifahrer, Bergwanderer, Mountainbiker und Motorradfahrer. Das Chalet Belle H\u00e9l\u00e8ne liegt im Dorf Fiesch an der Furkastrasse. Als (Alpin-)Wanderer oder Skifahrer\/Boarder sind Sie in 8 Gehminuten (ca. 750m) an der Talstation der Gondelbahn in Fiesch, danach k\u00f6nnen Sie zur Fiescheralp [&hellip;]\" \/>\n<meta property=\"og:url\" content=\"https:\/\/belle-helene.com\/de\/chalet-details\/\" \/>\n<meta property=\"og:site_name\" content=\"Chalet Belle H\u00e9l\u00e8ne\" \/>\n<meta property=\"article:publisher\" content=\"https:\/\/www.facebook.com\/Chalet-Belle-Helene-112540057201399\" \/>\n<meta property=\"article:modified_time\" content=\"2022-12-03T20:02:26+00:00\" \/>\n<meta name=\"twitter:card\" content=\"summary_large_image\" \/>\n<meta name=\"twitter:site\" content=\"@FranklinProsman\" \/>\n<meta name=\"twitter:label1\" content=\"Gesch\u00e4tzte Lesezeit\" \/>\n\t<meta name=\"twitter:data1\" content=\"1\u00a0Minute\" \/>\n<script type=\"application\/ld+json\" class=\"yoast-schema-graph\">{\"@context\":\"https:\\\/\\\/schema.org\",\"@graph\":[{\"@type\":\"WebPage\",\"@id\":\"https:\\\/\\\/belle-helene.com\\\/de\\\/chalet-details\\\/\",\"url\":\"https:\\\/\\\/belle-helene.com\\\/de\\\/chalet-details\\\/\",\"name\":\"Chalet-Details - Chalet Belle H\u00e9l\u00e8ne\",\"isPartOf\":{\"@id\":\"https:\\\/\\\/belle-helene.com\\\/de\\\/#website\"},\"datePublished\":\"2020-12-13T22:59:48+00:00\",\"dateModified\":\"2022-12-03T20:02:26+00:00\",\"breadcrumb\":{\"@id\":\"https:\\\/\\\/belle-helene.com\\\/de\\\/chalet-details\\\/#breadcrumb\"},\"inLanguage\":\"de\",\"potentialAction\":[{\"@type\":\"ReadAction\",\"target\":[\"https:\\\/\\\/belle-helene.com\\\/de\\\/chalet-details\\\/\"]}]},{\"@type\":\"BreadcrumbList\",\"@id\":\"https:\\\/\\\/belle-helene.com\\\/de\\\/chalet-details\\\/#breadcrumb\",\"itemListElement\":[{\"@type\":\"ListItem\",\"position\":1,\"name\":\"Home\",\"item\":\"https:\\\/\\\/belle-helene.com\\\/de\\\/\"},{\"@type\":\"ListItem\",\"position\":2,\"name\":\"Chalet-Details\"}]},{\"@type\":\"WebSite\",\"@id\":\"https:\\\/\\\/belle-helene.com\\\/de\\\/#website\",\"url\":\"https:\\\/\\\/belle-helene.com\\\/de\\\/\",\"name\":\"Chalet Belle H\u00e9l\u00e8ne\",\"description\":\"Chalet te huur in Fiesch (Wallis, Zwitserland)\",\"publisher\":{\"@id\":\"https:\\\/\\\/belle-helene.com\\\/de\\\/#organization\"},\"potentialAction\":[{\"@type\":\"SearchAction\",\"target\":{\"@type\":\"EntryPoint\",\"urlTemplate\":\"https:\\\/\\\/belle-helene.com\\\/de\\\/?s={search_term_string}\"},\"query-input\":{\"@type\":\"PropertyValueSpecification\",\"valueRequired\":true,\"valueName\":\"search_term_string\"}}],\"inLanguage\":\"de\"},{\"@type\":\"Organization\",\"@id\":\"https:\\\/\\\/belle-helene.com\\\/de\\\/#organization\",\"name\":\"Chalet Belle H\u00e9l\u00e8ne\",\"url\":\"https:\\\/\\\/belle-helene.com\\\/de\\\/\",\"logo\":{\"@type\":\"ImageObject\",\"inLanguage\":\"de\",\"@id\":\"https:\\\/\\\/belle-helene.com\\\/de\\\/#\\\/schema\\\/logo\\\/image\\\/\",\"url\":\"\",\"contentUrl\":\"\",\"caption\":\"Chalet Belle H\u00e9l\u00e8ne\"},\"image\":{\"@id\":\"https:\\\/\\\/belle-helene.com\\\/de\\\/#\\\/schema\\\/logo\\\/image\\\/\"},\"sameAs\":[\"https:\\\/\\\/www.facebook.com\\\/Chalet-Belle-Helene-112540057201399\",\"https:\\\/\\\/x.com\\\/FranklinProsman\",\"https:\\\/\\\/www.linkedin.com\\\/in\\\/franklinprosman\\\/\"]}]}<\/script>\n<!-- \/ Yoast SEO plugin. -->","yoast_head_json":{"title":"Chalet-Details - Chalet Belle H\u00e9l\u00e8ne","robots":{"index":"index","follow":"follow","max-snippet":"max-snippet:-1","max-image-preview":"max-image-preview:large","max-video-preview":"max-video-preview:-1"},"canonical":"https:\/\/belle-helene.com\/de\/chalet-details\/","og_locale":"de_DE","og_type":"article","og_title":"Chalet-Details - Chalet Belle H\u00e9l\u00e8ne","og_description":"Fotos von au\u00dfenBilder des Chalets im InnerenFotos der UmgebungDas Chalet befindet sich in idealer Lage f\u00fcr Skifahrer, Bergwanderer, Mountainbiker und Motorradfahrer. Das Chalet Belle H\u00e9l\u00e8ne liegt im Dorf Fiesch an der Furkastrasse. Als (Alpin-)Wanderer oder Skifahrer\/Boarder sind Sie in 8 Gehminuten (ca. 750m) an der Talstation der Gondelbahn in Fiesch, danach k\u00f6nnen Sie zur Fiescheralp [&hellip;]","og_url":"https:\/\/belle-helene.com\/de\/chalet-details\/","og_site_name":"Chalet Belle H\u00e9l\u00e8ne","article_publisher":"https:\/\/www.facebook.com\/Chalet-Belle-Helene-112540057201399","article_modified_time":"2022-12-03T20:02:26+00:00","twitter_card":"summary_large_image","twitter_site":"@FranklinProsman","twitter_misc":{"Gesch\u00e4tzte Lesezeit":"1\u00a0Minute"},"schema":{"@context":"https:\/\/schema.org","@graph":[{"@type":"WebPage","@id":"https:\/\/belle-helene.com\/de\/chalet-details\/","url":"https:\/\/belle-helene.com\/de\/chalet-details\/","name":"Chalet-Details - Chalet Belle H\u00e9l\u00e8ne","isPartOf":{"@id":"https:\/\/belle-helene.com\/de\/#website"},"datePublished":"2020-12-13T22:59:48+00:00","dateModified":"2022-12-03T20:02:26+00:00","breadcrumb":{"@id":"https:\/\/belle-helene.com\/de\/chalet-details\/#breadcrumb"},"inLanguage":"de","potentialAction":[{"@type":"ReadAction","target":["https:\/\/belle-helene.com\/de\/chalet-details\/"]}]},{"@type":"BreadcrumbList","@id":"https:\/\/belle-helene.com\/de\/chalet-details\/#breadcrumb","itemListElement":[{"@type":"ListItem","position":1,"name":"Home","item":"https:\/\/belle-helene.com\/de\/"},{"@type":"ListItem","position":2,"name":"Chalet-Details"}]},{"@type":"WebSite","@id":"https:\/\/belle-helene.com\/de\/#website","url":"https:\/\/belle-helene.com\/de\/","name":"Chalet Belle H\u00e9l\u00e8ne","description":"Chalet te huur in Fiesch (Wallis, Zwitserland)","publisher":{"@id":"https:\/\/belle-helene.com\/de\/#organization"},"potentialAction":[{"@type":"SearchAction","target":{"@type":"EntryPoint","urlTemplate":"https:\/\/belle-helene.com\/de\/?s={search_term_string}"},"query-input":{"@type":"PropertyValueSpecification","valueRequired":true,"valueName":"search_term_string"}}],"inLanguage":"de"},{"@type":"Organization","@id":"https:\/\/belle-helene.com\/de\/#organization","name":"Chalet Belle H\u00e9l\u00e8ne","url":"https:\/\/belle-helene.com\/de\/","logo":{"@type":"ImageObject","inLanguage":"de","@id":"https:\/\/belle-helene.com\/de\/#\/schema\/logo\/image\/","url":"","contentUrl":"","caption":"Chalet Belle H\u00e9l\u00e8ne"},"image":{"@id":"https:\/\/belle-helene.com\/de\/#\/schema\/logo\/image\/"},"sameAs":["https:\/\/www.facebook.com\/Chalet-Belle-Helene-112540057201399","https:\/\/x.com\/FranklinProsman","https:\/\/www.linkedin.com\/in\/franklinprosman\/"]}]}},"_links":{"self":[{"href":"https:\/\/belle-helene.com\/de\/wp-json\/wp\/v2\/pages\/2305","targetHints":{"allow":["GET"]}}],"collection":[{"href":"https:\/\/belle-helene.com\/de\/wp-json\/wp\/v2\/pages"}],"about":[{"href":"https:\/\/belle-helene.com\/de\/wp-json\/wp\/v2\/types\/page"}],"author":[{"embeddable":true,"href":"https:\/\/belle-helene.com\/de\/wp-json\/wp\/v2\/users\/2"}],"replies":[{"embeddable":true,"href":"https:\/\/belle-helene.com\/de\/wp-json\/wp\/v2\/comments?post=2305"}],"version-history":[{"count":3,"href":"https:\/\/belle-helene.com\/de\/wp-json\/wp\/v2\/pages\/2305\/revisions"}],"predecessor-version":[{"id":2308,"href":"https:\/\/belle-helene.com\/de\/wp-json\/wp\/v2\/pages\/2305\/revisions\/2308"}],"wp:attachment":[{"href":"https:\/\/belle-helene.com\/de\/wp-json\/wp\/v2\/media?parent=2305"}],"curies":[{"name":"wp","href":"https:\/\/api.w.org\/{rel}","templated":true}]}}