{"id":2411,"date":"2017-06-14T09:28:54","date_gmt":"2017-06-14T09:28:54","guid":{"rendered":"https:\/\/belle-helene.com\/bergwanderung\/"},"modified":"2022-12-09T11:00:39","modified_gmt":"2022-12-09T11:00:39","slug":"bergwanderung","status":"publish","type":"page","link":"https:\/\/belle-helene.com\/de\/bergwanderung\/","title":{"rendered":"Bergwanderung"},"content":{"rendered":"<p>[et_pb_section fb_built=&#8220;1&#8243; _builder_version=&#8220;4.7.7&#8243; _module_preset=&#8220;default&#8220;][et_pb_row _builder_version=&#8220;4.7.7&#8243; _module_preset=&#8220;default&#8220;][et_pb_column type=&#8220;4_4&#8243; _builder_version=&#8220;4.7.7&#8243; _module_preset=&#8220;default&#8220;][et_pb_slider _builder_version=&#8220;4.7.7&#8243; _module_preset=&#8220;default&#8220; custom_padding=&#8220;52px||67px|||&#8220; border_width_all_image=&#8220;1px&#8220; box_shadow_style=&#8220;preset1&#8243;][et_pb_slide heading=&#8220;Wanderung Binntal zur Binntalh\u00fctte&#8220; button_text=&#8220;Mehr Info&#8220; button_link=&#8220;https:\/\/belle-helene.com\/de\/bergwanderung\/wanderung-im-binntal-zur-binntalhuette\/&#8220; image=&#8220;https:\/\/belle-helene.com\/wp-content\/uploads\/2020\/12\/chalet-belle-helene-fiesch-bergwandelen-binntal-waterval.jpg&#8220; _builder_version=&#8220;4.7.7&#8243; _module_preset=&#8220;default&#8220; sticky_transition=&#8220;on&#8220;]<\/p>\n<p>Eine Wanderung durch das sch\u00f6ne Binntal. Wenn Sie Blumen, Schmetterlinge und Wasserf\u00e4lle sehen m\u00f6chten, dann ist diese Tour genau das Richtige f\u00fcr Sie.<\/p>\n<p>[\/et_pb_slide][et_pb_slide heading=&#8220;Familienausflug H\u00e4ngebr\u00fccke F\u00fcrgangen \u2013 M\u00fchlebach&#8220; button_text=&#8220;Mehr Info&#8220; button_link=&#8220;https:\/\/belle-helene.com\/de\/bergwanderung\/familientour-zur-haengebruecke-furgangen-muhlebach\/&#8220; image=&#8220;https:\/\/belle-helene.com\/wp-content\/uploads\/2020\/12\/chalet-belle-helene-fiesch-hangbrug-furgangen-mulhbach-4.jpg&#8220; _builder_version=&#8220;4.7.7&#8243; _module_preset=&#8220;default&#8220; sticky_transition=&#8220;on&#8220;]<\/p>\n<p>1100 Meter vom Chalet entfernt befindet sich eine der l\u00e4ngsten H\u00e4ngebr\u00fccken der Schweiz: die H\u00e4ngebr\u00fccke zwischen F\u00fcrgangen \u2013 M\u00fchlebach.<\/p>\n<p>[\/et_pb_slide][et_pb_slide heading=&#8220;An der Spitze der Aletsch Arena: das Eggishorn&#8220; button_text=&#8220;Mehr Info&#8220; button_link=&#8220;https:\/\/belle-helene.com\/de\/bergwanderung\/eggishorn-zum-gipfel-der-aletsch-arena-2927m\/&#8220; image=&#8220;https:\/\/belle-helene.com\/wp-content\/uploads\/2020\/12\/chalet-belle-helene-fiesch-aletsch-gletscher-eggishorn-berghut.jpg&#8220; _builder_version=&#8220;4.7.7&#8243; _module_preset=&#8220;default&#8220; sticky_transition=&#8220;on&#8220;]<\/p>\n<p>Mit der Gondel, ca. 700 Meter vom Chalet entfernt, kommt man zuerst auf der Fischeralp an und kann dann weiter zum Gipfel des Eggishorns fahren. Der Gipfel ist knapp 3000 Meter hoch (2917 m). Oft liegt noch etwas Schnee und es werden jedes Jahr sch\u00f6ne Steinm\u00e4nnchen gebaut. Kaffee mit leckerem Kuchen in der Bergh\u00fctte genie\u00dfen!<\/p>\n<p>Wer den eigentlichen Gipfel erreichen will, muss selbst noch etwas weiter klettern. Das sind ungef\u00e4hr 20 Minuten und dann ist man am Kreuz. Tats\u00e4chlich m\u00fcssen Sie dies getan haben &#8230;<\/p>\n<p>[\/et_pb_slide][et_pb_slide heading=&#8220;Kr\u00e4ftige Wanderung zur H\u00e4ngebr\u00fccke Riederalp &#8211; Belalp&#8220; button_text=&#8220;Mehr Info&#8220; button_link=&#8220;https:\/\/belle-helene.com\/de\/bergwanderung\/die-haengebruecke-zwischen-riederalp-und-belalp\/&#8220; image=&#8220;https:\/\/belle-helene.com\/wp-content\/uploads\/2020\/12\/chalet-belle-helene-riederalp-aletsch-gletscher.jpg&#8220; _builder_version=&#8220;4.7.7&#8243; _module_preset=&#8220;default&#8220; sticky_transition=&#8220;on&#8220;]<\/p>\n<p>Sie brauchen etwas mehr Kondition, um zu dieser H\u00e4ngebr\u00fccke zu laufen. Trotzdem ist diese Reise sehr gut machbar. Die H\u00e4ngebr\u00fccke verbindet Belalp mit Riederalp. Die Tour startet bei der Riederalp und f\u00fchrt durch den Wald bis zur H\u00e4ngebr\u00fccke. Man hat sehr sch\u00f6ne Ausblicke \u00fcber die Schlucht. Wenn Sie die H\u00e4ngebr\u00fccke \u00fcberqueren, haben Sie die M\u00f6glichkeit, zu einem Aussichtspunkt zu gehen, wo Sie ein St\u00fcck des Aletschgletschers sehen k\u00f6nnen.<\/p>\n<p>[\/et_pb_slide][\/et_pb_slider][\/et_pb_column][\/et_pb_row][\/et_pb_section][et_pb_section fb_built=&#8220;1&#8243; _builder_version=&#8220;4.7.7&#8243; _module_preset=&#8220;default&#8220; top_divider_style=&#8220;arrow3&#8243; top_divider_color=&#8220;#0c71c3&#8243; hover_enabled=&#8220;0&#8243; sticky_enabled=&#8220;0&#8243;][et_pb_row _builder_version=&#8220;4.7.7&#8243; _module_preset=&#8220;default&#8220;][et_pb_column type=&#8220;4_4&#8243; _builder_version=&#8220;4.7.7&#8243; _module_preset=&#8220;default&#8220;][et_pb_text _builder_version=&#8220;4.7.7&#8243; _module_preset=&#8220;default&#8220;]<\/p>\n<h2>Nachfolgend k\u00f6nnen Sie Ihre eigenen Routen planen<\/h2>\n<p>[\/et_pb_text][\/et_pb_column][\/et_pb_row][et_pb_row _builder_version=&#8220;4.7.7&#8243; _module_preset=&#8220;default&#8220; column_structure=&#8220;1_2,1_2&#8243;][et_pb_column _builder_version=&#8220;4.7.7&#8243; _module_preset=&#8220;default&#8220; type=&#8220;1_2&#8243;][et_pb_text admin_label=&#8220;Text&#8220; _builder_version=&#8220;4.7.7&#8243; background_size=&#8220;initial&#8220; background_position=&#8220;top_left&#8220; background_repeat=&#8220;repeat&#8220; locked=&#8220;off&#8220;]<\/p>\n<h2>Karte von Fiesch und Umgebung<\/h2>\n<p>Das Chalet liegt in Fiesch auf 1150m H\u00f6he. Sie k\u00f6nnen sch\u00f6ne Wanderungen unternehmen und diese auch selbst ausw\u00e4hlen und zusammenstellen. Das ist Teil der Vorfreude. Hier der Link zur Karte von SchweizMobil. Sie landen in einem neuen Tab: Fiesch (US). VS steht f\u00fcr Wallis, Wallis auf Franz\u00f6sisch.<\/p>\n<h3>Erl\u00e4uterungskarte SchweizMobil<\/h3>\n<p>Auf dieser Seite von SchweizMobil (siehe Bild unten) k\u00f6nnen Sie das aktuelle Wetter in Fiesch und Umgebung einsehen. Au\u00dferdem verschiedene Wanderungen, die Sie unternehmen k\u00f6nnen, zum Beispiel der Aletsch Panoramaweg. Es wird angegeben, wie lange dies ist, die H\u00f6henunterschiede, die Gehzeit und die Schwierigkeit der Wanderung. So k\u00f6nnen Sie besser einsch\u00e4tzen, worauf Sie sich einlassen. Sie k\u00f6nnen auch auf die entsprechende Karte klicken, um genau zu sehen, wie die Route verl\u00e4uft. Es gibt auch Markierungen f\u00fcr Fotos auf der Karte. Die Legende auf der linken Seite bietet noch mehr Optionen.<\/p>\n<h3>App SchweizMobil<\/h3>\n<p>Sie k\u00f6nnen die Karte auch auf Ihr Handy herunterladen: Die App heisst SchweizMobil (im Google Store) und ist kostenlos. Dies ist auch f\u00fcr Reisen n\u00fctzlich (vorausgesetzt, Ihr Abonnement enth\u00e4lt auch CH; T-Mobile enth\u00e4lt die Schweiz nicht im Standard-Datenpaket, sodass Sie es hinzuf\u00fcgen m\u00fcssen). Die meisten anderen Anbieter wie Vodafone und KPN haben neben den EU-L\u00e4ndern auch die Schweiz in das Bundle aufgenommen.<\/p>\n<h3>Pr\u00e4sentieren Sie die Karte mit SmartView auf dem Fernseher<\/h3>\n<p>Im Chalet k\u00f6nnen Sie mit der Smart View-Option eines Samsung-Ger\u00e4ts den Bildschirm auf den Flachbildschirm spiegeln, sodass die Karte gro\u00df angezeigt wird, damit auch andere sehen k\u00f6nnen, wie der Spaziergang verl\u00e4uft. Eine weitere M\u00f6glichkeit besteht darin, Ihren Laptop an den Fernseher anzuschlie\u00dfen.<\/p>\n<p>[\/et_pb_text][\/et_pb_column][et_pb_column _builder_version=&#8220;4.7.7&#8243; _module_preset=&#8220;default&#8220; type=&#8220;1_2&#8243;][et_pb_image src=&#8220;https:\/\/belle-helene.com\/wp-content\/uploads\/2020\/12\/Fiesch-kaart-switserland-mobility-web.png&#8220; alt=&#8220;Fiesch kaart switserland mobility&#8220; title_text=&#8220;Fiesch kaart switserland mobility web&#8220; url=&#8220;https:\/\/www.schweizmobil.ch\/en\/wanderland\/hiking-in-switzerland\/hiking-in.html?phrase=Fiesch+%28VS%29&amp;sname=&amp;sid=2039&#8243; url_new_window=&#8220;on&#8220; _builder_version=&#8220;4.7.7&#8243; _module_preset=&#8220;default&#8220; border_width_all=&#8220;1px&#8220; locked=&#8220;off&#8220;][\/et_pb_image][\/et_pb_column][\/et_pb_row][\/et_pb_section]<\/p>\n","protected":false},"excerpt":{"rendered":"<p>Vom Chalet Belle Helene aus k\u00f6nnen Sie sch\u00f6ne Bergwanderungen unternehmen. unten einige f\u00fcr die Familie<\/p>\n","protected":false},"author":4,"featured_media":0,"parent":0,"menu_order":0,"comment_status":"closed","ping_status":"closed","template":"","meta":{"_et_pb_use_builder":"on","_et_pb_old_content":"","_et_gb_content_width":"","footnotes":""},"class_list":["post-2411","page","type-page","status-publish","hentry"],"yoast_head":"<!-- This site is optimized with the Yoast SEO plugin v27.5 - https:\/\/yoast.com\/product\/yoast-seo-wordpress\/ -->\n<title>Bergwanderung - Chalet Belle H\u00e9l\u00e8ne<\/title>\n<meta name=\"robots\" content=\"index, follow, max-snippet:-1, max-image-preview:large, max-video-preview:-1\" \/>\n<link rel=\"canonical\" href=\"https:\/\/belle-helene.com\/de\/bergwanderung\/\" \/>\n<meta property=\"og:locale\" content=\"de_DE\" \/>\n<meta property=\"og:type\" content=\"article\" \/>\n<meta property=\"og:title\" content=\"Bergwanderung - Chalet Belle H\u00e9l\u00e8ne\" \/>\n<meta property=\"og:description\" content=\"Vom Chalet Belle Helene aus k\u00f6nnen Sie sch\u00f6ne Bergwanderungen unternehmen. unten einige f\u00fcr die Familie\" \/>\n<meta property=\"og:url\" content=\"https:\/\/belle-helene.com\/de\/bergwanderung\/\" \/>\n<meta property=\"og:site_name\" content=\"Chalet Belle H\u00e9l\u00e8ne\" \/>\n<meta property=\"article:publisher\" content=\"https:\/\/www.facebook.com\/Chalet-Belle-Helene-112540057201399\" \/>\n<meta property=\"article:modified_time\" content=\"2022-12-09T11:00:39+00:00\" \/>\n<meta name=\"twitter:card\" content=\"summary_large_image\" \/>\n<meta name=\"twitter:site\" content=\"@FranklinProsman\" \/>\n<meta name=\"twitter:label1\" content=\"Gesch\u00e4tzte Lesezeit\" \/>\n\t<meta name=\"twitter:data1\" content=\"5\u00a0Minuten\" \/>\n<script type=\"application\/ld+json\" class=\"yoast-schema-graph\">{\"@context\":\"https:\\\/\\\/schema.org\",\"@graph\":[{\"@type\":\"WebPage\",\"@id\":\"https:\\\/\\\/belle-helene.com\\\/de\\\/bergwanderung\\\/\",\"url\":\"https:\\\/\\\/belle-helene.com\\\/de\\\/bergwanderung\\\/\",\"name\":\"Bergwanderung - Chalet Belle H\u00e9l\u00e8ne\",\"isPartOf\":{\"@id\":\"https:\\\/\\\/belle-helene.com\\\/de\\\/#website\"},\"datePublished\":\"2017-06-14T09:28:54+00:00\",\"dateModified\":\"2022-12-09T11:00:39+00:00\",\"breadcrumb\":{\"@id\":\"https:\\\/\\\/belle-helene.com\\\/de\\\/bergwanderung\\\/#breadcrumb\"},\"inLanguage\":\"de\",\"potentialAction\":[{\"@type\":\"ReadAction\",\"target\":[\"https:\\\/\\\/belle-helene.com\\\/de\\\/bergwanderung\\\/\"]}]},{\"@type\":\"BreadcrumbList\",\"@id\":\"https:\\\/\\\/belle-helene.com\\\/de\\\/bergwanderung\\\/#breadcrumb\",\"itemListElement\":[{\"@type\":\"ListItem\",\"position\":1,\"name\":\"Home\",\"item\":\"https:\\\/\\\/belle-helene.com\\\/de\\\/\"},{\"@type\":\"ListItem\",\"position\":2,\"name\":\"Bergwanderung\"}]},{\"@type\":\"WebSite\",\"@id\":\"https:\\\/\\\/belle-helene.com\\\/de\\\/#website\",\"url\":\"https:\\\/\\\/belle-helene.com\\\/de\\\/\",\"name\":\"Chalet Belle H\u00e9l\u00e8ne\",\"description\":\"Chalet te huur in Fiesch (Wallis, Zwitserland)\",\"publisher\":{\"@id\":\"https:\\\/\\\/belle-helene.com\\\/de\\\/#organization\"},\"potentialAction\":[{\"@type\":\"SearchAction\",\"target\":{\"@type\":\"EntryPoint\",\"urlTemplate\":\"https:\\\/\\\/belle-helene.com\\\/de\\\/?s={search_term_string}\"},\"query-input\":{\"@type\":\"PropertyValueSpecification\",\"valueRequired\":true,\"valueName\":\"search_term_string\"}}],\"inLanguage\":\"de\"},{\"@type\":\"Organization\",\"@id\":\"https:\\\/\\\/belle-helene.com\\\/de\\\/#organization\",\"name\":\"Chalet Belle H\u00e9l\u00e8ne\",\"url\":\"https:\\\/\\\/belle-helene.com\\\/de\\\/\",\"logo\":{\"@type\":\"ImageObject\",\"inLanguage\":\"de\",\"@id\":\"https:\\\/\\\/belle-helene.com\\\/de\\\/#\\\/schema\\\/logo\\\/image\\\/\",\"url\":\"\",\"contentUrl\":\"\",\"caption\":\"Chalet Belle H\u00e9l\u00e8ne\"},\"image\":{\"@id\":\"https:\\\/\\\/belle-helene.com\\\/de\\\/#\\\/schema\\\/logo\\\/image\\\/\"},\"sameAs\":[\"https:\\\/\\\/www.facebook.com\\\/Chalet-Belle-Helene-112540057201399\",\"https:\\\/\\\/x.com\\\/FranklinProsman\",\"https:\\\/\\\/www.linkedin.com\\\/in\\\/franklinprosman\\\/\"]}]}<\/script>\n<!-- \/ Yoast SEO plugin. -->","yoast_head_json":{"title":"Bergwanderung - Chalet Belle H\u00e9l\u00e8ne","robots":{"index":"index","follow":"follow","max-snippet":"max-snippet:-1","max-image-preview":"max-image-preview:large","max-video-preview":"max-video-preview:-1"},"canonical":"https:\/\/belle-helene.com\/de\/bergwanderung\/","og_locale":"de_DE","og_type":"article","og_title":"Bergwanderung - Chalet Belle H\u00e9l\u00e8ne","og_description":"Vom Chalet Belle Helene aus k\u00f6nnen Sie sch\u00f6ne Bergwanderungen unternehmen. unten einige f\u00fcr die Familie","og_url":"https:\/\/belle-helene.com\/de\/bergwanderung\/","og_site_name":"Chalet Belle H\u00e9l\u00e8ne","article_publisher":"https:\/\/www.facebook.com\/Chalet-Belle-Helene-112540057201399","article_modified_time":"2022-12-09T11:00:39+00:00","twitter_card":"summary_large_image","twitter_site":"@FranklinProsman","twitter_misc":{"Gesch\u00e4tzte Lesezeit":"5\u00a0Minuten"},"schema":{"@context":"https:\/\/schema.org","@graph":[{"@type":"WebPage","@id":"https:\/\/belle-helene.com\/de\/bergwanderung\/","url":"https:\/\/belle-helene.com\/de\/bergwanderung\/","name":"Bergwanderung - Chalet Belle H\u00e9l\u00e8ne","isPartOf":{"@id":"https:\/\/belle-helene.com\/de\/#website"},"datePublished":"2017-06-14T09:28:54+00:00","dateModified":"2022-12-09T11:00:39+00:00","breadcrumb":{"@id":"https:\/\/belle-helene.com\/de\/bergwanderung\/#breadcrumb"},"inLanguage":"de","potentialAction":[{"@type":"ReadAction","target":["https:\/\/belle-helene.com\/de\/bergwanderung\/"]}]},{"@type":"BreadcrumbList","@id":"https:\/\/belle-helene.com\/de\/bergwanderung\/#breadcrumb","itemListElement":[{"@type":"ListItem","position":1,"name":"Home","item":"https:\/\/belle-helene.com\/de\/"},{"@type":"ListItem","position":2,"name":"Bergwanderung"}]},{"@type":"WebSite","@id":"https:\/\/belle-helene.com\/de\/#website","url":"https:\/\/belle-helene.com\/de\/","name":"Chalet Belle H\u00e9l\u00e8ne","description":"Chalet te huur in Fiesch (Wallis, Zwitserland)","publisher":{"@id":"https:\/\/belle-helene.com\/de\/#organization"},"potentialAction":[{"@type":"SearchAction","target":{"@type":"EntryPoint","urlTemplate":"https:\/\/belle-helene.com\/de\/?s={search_term_string}"},"query-input":{"@type":"PropertyValueSpecification","valueRequired":true,"valueName":"search_term_string"}}],"inLanguage":"de"},{"@type":"Organization","@id":"https:\/\/belle-helene.com\/de\/#organization","name":"Chalet Belle H\u00e9l\u00e8ne","url":"https:\/\/belle-helene.com\/de\/","logo":{"@type":"ImageObject","inLanguage":"de","@id":"https:\/\/belle-helene.com\/de\/#\/schema\/logo\/image\/","url":"","contentUrl":"","caption":"Chalet Belle H\u00e9l\u00e8ne"},"image":{"@id":"https:\/\/belle-helene.com\/de\/#\/schema\/logo\/image\/"},"sameAs":["https:\/\/www.facebook.com\/Chalet-Belle-Helene-112540057201399","https:\/\/x.com\/FranklinProsman","https:\/\/www.linkedin.com\/in\/franklinprosman\/"]}]}},"_links":{"self":[{"href":"https:\/\/belle-helene.com\/de\/wp-json\/wp\/v2\/pages\/2411","targetHints":{"allow":["GET"]}}],"collection":[{"href":"https:\/\/belle-helene.com\/de\/wp-json\/wp\/v2\/pages"}],"about":[{"href":"https:\/\/belle-helene.com\/de\/wp-json\/wp\/v2\/types\/page"}],"author":[{"embeddable":true,"href":"https:\/\/belle-helene.com\/de\/wp-json\/wp\/v2\/users\/4"}],"replies":[{"embeddable":true,"href":"https:\/\/belle-helene.com\/de\/wp-json\/wp\/v2\/comments?post=2411"}],"version-history":[{"count":5,"href":"https:\/\/belle-helene.com\/de\/wp-json\/wp\/v2\/pages\/2411\/revisions"}],"predecessor-version":[{"id":2453,"href":"https:\/\/belle-helene.com\/de\/wp-json\/wp\/v2\/pages\/2411\/revisions\/2453"}],"wp:attachment":[{"href":"https:\/\/belle-helene.com\/de\/wp-json\/wp\/v2\/media?parent=2411"}],"curies":[{"name":"wp","href":"https:\/\/api.w.org\/{rel}","templated":true}]}}