{"id":2350,"date":"2017-06-14T10:57:27","date_gmt":"2017-06-14T10:57:27","guid":{"rendered":"https:\/\/belle-helene.com\/family-trip-suspension-bridge-furgangen-muhlebach\/"},"modified":"2022-12-03T21:20:37","modified_gmt":"2022-12-03T21:20:37","slug":"family-trip-suspension-bridge-furgangen-muhlebach","status":"publish","type":"page","link":"https:\/\/belle-helene.com\/en\/mountain-hike\/family-trip-suspension-bridge-furgangen-muhlebach\/","title":{"rendered":"Family trip suspension bridge F\u00fcrgangen &#8211; M\u00fchlebach"},"content":{"rendered":"<p>[et_pb_section fb_built=&#8221;1&#8243; admin_label=&#8221;section&#8221; _builder_version=&#8221;3.22&#8243;][et_pb_row admin_label=&#8221;row&#8221; _builder_version=&#8221;3.25&#8243; background_size=&#8221;initial&#8221; background_position=&#8221;top_left&#8221; background_repeat=&#8221;repeat&#8221;][et_pb_column type=&#8221;4_4&#8243; _builder_version=&#8221;3.25&#8243; custom_padding=&#8221;|||&#8221; custom_padding__hover=&#8221;|||&#8221;][et_pb_text admin_label=&#8221;Text&#8221; _builder_version=&#8221;3.27.4&#8243; background_size=&#8221;initial&#8221; background_position=&#8221;top_left&#8221; background_repeat=&#8221;repeat&#8221;]<\/p>\n<div class=\"wp-block-jetpack-slideshow aligncenter\" data-effect=\"slide\">\n<div class=\"wp-block-jetpack-slideshow_container swiper-container\"><\/p>\n<div class=\"wp-block-jetpack-slideshow_pagination swiper-pagination swiper-pagination-white\"><\/div>\n<\/div>\n<\/div>\n<p><!-- \/divi:jetpack\/slideshow --><\/p>\n<p>[\/et_pb_text][\/et_pb_column][\/et_pb_row][et_pb_row _builder_version=&#8221;4.7.6&#8243; _module_preset=&#8221;default&#8221;][et_pb_column type=&#8221;4_4&#8243; _builder_version=&#8221;4.7.6&#8243; _module_preset=&#8221;default&#8221;][et_pb_text _builder_version=&#8221;4.7.6&#8243; _module_preset=&#8221;default&#8221; text_font_size=&#8221;39px&#8221;]<\/p>\n<p>Family trip suspension bridge F\u00fcrgangen \u2013 M\u00fchlebach<\/p>\n<p>[\/et_pb_text][\/et_pb_column][\/et_pb_row][et_pb_row _builder_version=&#8221;4.7.6&#8243; _module_preset=&#8221;default&#8221;][et_pb_column type=&#8221;4_4&#8243; _builder_version=&#8221;4.7.6&#8243; _module_preset=&#8221;default&#8221;][et_pb_text _builder_version=&#8221;4.7.6&#8243; _module_preset=&#8221;default&#8221;]<\/p>\n<p>From the chalet it is a 1100m walk to the suspension bridge F\u00fcrgangen \u2013 M\u00fchlebach. You then walk up the 19. For Dutch people that may be strange to walk on a through road, however, in Switzerland that is not the case. You will also encounter mountain bikers. The latter are on their way to the various passes that lie eastward (up). You can also easily reach the suspension bridge by car. You can park there and pay with coins (!). The bridge itself has an overhang of 280m and a sag of approximately 6m. Beautiful to walk. As a reward you can enjoy coffee + or something to eat in the various restaurants in M\u00fchlebach. Below you can see how to get there and what the suspension bridge looks like.<\/p>\n<p>On the map you can see that this suspension bridge is very close to the chalet:<\/p>\n<p>[\/et_pb_text][et_pb_image src=&#8221;https:\/\/belle-helene.com\/wp-content\/uploads\/2020\/12\/chalet-belle-helene-fiesch-hangbrug-furgangen-mulhbach-routen.jpg&#8221; alt=&#8221;chalet belle helene fiesch suspension bridge furgangen mulhbach&#8221; title_text=&#8221;chalet belle helene fiesch suspension bridge furgangen mulhbach routen&#8221; _builder_version=&#8221;4.7.7&#8243; _module_preset=&#8221;default&#8221; hover_enabled=&#8221;0&#8243; border_width_all=&#8221;1px&#8221; sticky_enabled=&#8221;0&#8243;][\/et_pb_image][et_pb_text _builder_version=&#8221;4.7.6&#8243; _module_preset=&#8221;default&#8221;]<\/p>\n<p>You can already see the suspension bridge below. The village of M\u00fchlebach looks beautiful with the rolling hills. Highly recommended for the whole family.<\/p>\n<p>[\/et_pb_text][et_pb_gallery gallery_ids=&#8221;1888,1890,1886,1882,1880,1878,1876,1874,1870,1868,1858&#8243; fullwidth=&#8221;on&#8221; hover_icon=&#8221;%%28%%&#8221; _builder_version=&#8221;4.7.7&#8243; _module_preset=&#8221;default&#8221; hover_enabled=&#8221;0&#8243; border_width_all=&#8221;1px&#8221; sticky_enabled=&#8221;0&#8243;][\/et_pb_gallery][\/et_pb_column][\/et_pb_row][\/et_pb_section]<\/p>\n","protected":false},"excerpt":{"rendered":"<p>Family trip to the suspension bridge Furgangen &#8211; Muhlebach<\/p>\n","protected":false},"author":4,"featured_media":0,"parent":2358,"menu_order":0,"comment_status":"closed","ping_status":"closed","template":"","meta":{"_et_pb_use_builder":"on","_et_pb_old_content":"","_et_gb_content_width":"","footnotes":""},"class_list":["post-2350","page","type-page","status-publish","hentry"],"yoast_head":"<!-- This site is optimized with the Yoast SEO plugin v27.6 - https:\/\/yoast.com\/product\/yoast-seo-wordpress\/ -->\n<title>Family trip suspension bridge F\u00fcrgangen - M\u00fchlebach - Chalet Belle H\u00e9l\u00e8ne<\/title>\n<meta name=\"description\" content=\"Family trip to the longest suspension bridge in Switzerland between Furgangen - Muhlebach within walking distance of chalet Belle Helene.\" \/>\n<meta name=\"robots\" content=\"index, follow, max-snippet:-1, max-image-preview:large, max-video-preview:-1\" \/>\n<link rel=\"canonical\" href=\"https:\/\/belle-helene.com\/en\/mountain-hike\/family-trip-suspension-bridge-furgangen-muhlebach\/\" \/>\n<meta property=\"og:locale\" content=\"en_US\" \/>\n<meta property=\"og:type\" content=\"article\" \/>\n<meta property=\"og:title\" content=\"Family trip suspension bridge F\u00fcrgangen - M\u00fchlebach - Chalet Belle H\u00e9l\u00e8ne\" \/>\n<meta property=\"og:description\" content=\"Family trip to the longest suspension bridge in Switzerland between Furgangen - Muhlebach within walking distance of chalet Belle Helene.\" \/>\n<meta property=\"og:url\" content=\"https:\/\/belle-helene.com\/en\/mountain-hike\/family-trip-suspension-bridge-furgangen-muhlebach\/\" \/>\n<meta property=\"og:site_name\" content=\"Chalet Belle H\u00e9l\u00e8ne\" \/>\n<meta property=\"article:publisher\" content=\"https:\/\/www.facebook.com\/Chalet-Belle-Helene-112540057201399\" \/>\n<meta property=\"article:modified_time\" content=\"2022-12-03T21:20:37+00:00\" \/>\n<meta name=\"twitter:card\" content=\"summary_large_image\" \/>\n<meta name=\"twitter:site\" content=\"@FranklinProsman\" \/>\n<meta name=\"twitter:label1\" content=\"Est. reading time\" \/>\n\t<meta name=\"twitter:data1\" content=\"2 minutes\" \/>\n<script type=\"application\/ld+json\" class=\"yoast-schema-graph\">{\"@context\":\"https:\\\/\\\/schema.org\",\"@graph\":[{\"@type\":\"WebPage\",\"@id\":\"https:\\\/\\\/belle-helene.com\\\/en\\\/mountain-hike\\\/family-trip-suspension-bridge-furgangen-muhlebach\\\/\",\"url\":\"https:\\\/\\\/belle-helene.com\\\/en\\\/mountain-hike\\\/family-trip-suspension-bridge-furgangen-muhlebach\\\/\",\"name\":\"Family trip suspension bridge F\u00fcrgangen - M\u00fchlebach - Chalet Belle H\u00e9l\u00e8ne\",\"isPartOf\":{\"@id\":\"https:\\\/\\\/belle-helene.com\\\/en\\\/#website\"},\"datePublished\":\"2017-06-14T10:57:27+00:00\",\"dateModified\":\"2022-12-03T21:20:37+00:00\",\"description\":\"Family trip to the longest suspension bridge in Switzerland between Furgangen - Muhlebach within walking distance of chalet Belle Helene.\",\"breadcrumb\":{\"@id\":\"https:\\\/\\\/belle-helene.com\\\/en\\\/mountain-hike\\\/family-trip-suspension-bridge-furgangen-muhlebach\\\/#breadcrumb\"},\"inLanguage\":\"en-US\",\"potentialAction\":[{\"@type\":\"ReadAction\",\"target\":[\"https:\\\/\\\/belle-helene.com\\\/en\\\/mountain-hike\\\/family-trip-suspension-bridge-furgangen-muhlebach\\\/\"]}]},{\"@type\":\"BreadcrumbList\",\"@id\":\"https:\\\/\\\/belle-helene.com\\\/en\\\/mountain-hike\\\/family-trip-suspension-bridge-furgangen-muhlebach\\\/#breadcrumb\",\"itemListElement\":[{\"@type\":\"ListItem\",\"position\":1,\"name\":\"Home\",\"item\":\"https:\\\/\\\/belle-helene.com\\\/en\\\/\"},{\"@type\":\"ListItem\",\"position\":2,\"name\":\"Family trip suspension bridge F\u00fcrgangen &#8211; M\u00fchlebach\"}]},{\"@type\":\"WebSite\",\"@id\":\"https:\\\/\\\/belle-helene.com\\\/en\\\/#website\",\"url\":\"https:\\\/\\\/belle-helene.com\\\/en\\\/\",\"name\":\"Chalet Belle H\u00e9l\u00e8ne\",\"description\":\"Chalet te huur in Fiesch (Wallis, Zwitserland)\",\"publisher\":{\"@id\":\"https:\\\/\\\/belle-helene.com\\\/en\\\/#organization\"},\"potentialAction\":[{\"@type\":\"SearchAction\",\"target\":{\"@type\":\"EntryPoint\",\"urlTemplate\":\"https:\\\/\\\/belle-helene.com\\\/en\\\/?s={search_term_string}\"},\"query-input\":{\"@type\":\"PropertyValueSpecification\",\"valueRequired\":true,\"valueName\":\"search_term_string\"}}],\"inLanguage\":\"en-US\"},{\"@type\":\"Organization\",\"@id\":\"https:\\\/\\\/belle-helene.com\\\/en\\\/#organization\",\"name\":\"Chalet Belle H\u00e9l\u00e8ne\",\"url\":\"https:\\\/\\\/belle-helene.com\\\/en\\\/\",\"logo\":{\"@type\":\"ImageObject\",\"inLanguage\":\"en-US\",\"@id\":\"https:\\\/\\\/belle-helene.com\\\/en\\\/#\\\/schema\\\/logo\\\/image\\\/\",\"url\":\"\",\"contentUrl\":\"\",\"caption\":\"Chalet Belle H\u00e9l\u00e8ne\"},\"image\":{\"@id\":\"https:\\\/\\\/belle-helene.com\\\/en\\\/#\\\/schema\\\/logo\\\/image\\\/\"},\"sameAs\":[\"https:\\\/\\\/www.facebook.com\\\/Chalet-Belle-Helene-112540057201399\",\"https:\\\/\\\/x.com\\\/FranklinProsman\",\"https:\\\/\\\/www.linkedin.com\\\/in\\\/franklinprosman\\\/\"]}]}<\/script>\n<!-- \/ Yoast SEO plugin. -->","yoast_head_json":{"title":"Family trip suspension bridge F\u00fcrgangen - M\u00fchlebach - Chalet Belle H\u00e9l\u00e8ne","description":"Family trip to the longest suspension bridge in Switzerland between Furgangen - Muhlebach within walking distance of chalet Belle Helene.","robots":{"index":"index","follow":"follow","max-snippet":"max-snippet:-1","max-image-preview":"max-image-preview:large","max-video-preview":"max-video-preview:-1"},"canonical":"https:\/\/belle-helene.com\/en\/mountain-hike\/family-trip-suspension-bridge-furgangen-muhlebach\/","og_locale":"en_US","og_type":"article","og_title":"Family trip suspension bridge F\u00fcrgangen - M\u00fchlebach - Chalet Belle H\u00e9l\u00e8ne","og_description":"Family trip to the longest suspension bridge in Switzerland between Furgangen - Muhlebach within walking distance of chalet Belle Helene.","og_url":"https:\/\/belle-helene.com\/en\/mountain-hike\/family-trip-suspension-bridge-furgangen-muhlebach\/","og_site_name":"Chalet Belle H\u00e9l\u00e8ne","article_publisher":"https:\/\/www.facebook.com\/Chalet-Belle-Helene-112540057201399","article_modified_time":"2022-12-03T21:20:37+00:00","twitter_card":"summary_large_image","twitter_site":"@FranklinProsman","twitter_misc":{"Est. reading time":"2 minutes"},"schema":{"@context":"https:\/\/schema.org","@graph":[{"@type":"WebPage","@id":"https:\/\/belle-helene.com\/en\/mountain-hike\/family-trip-suspension-bridge-furgangen-muhlebach\/","url":"https:\/\/belle-helene.com\/en\/mountain-hike\/family-trip-suspension-bridge-furgangen-muhlebach\/","name":"Family trip suspension bridge F\u00fcrgangen - M\u00fchlebach - Chalet Belle H\u00e9l\u00e8ne","isPartOf":{"@id":"https:\/\/belle-helene.com\/en\/#website"},"datePublished":"2017-06-14T10:57:27+00:00","dateModified":"2022-12-03T21:20:37+00:00","description":"Family trip to the longest suspension bridge in Switzerland between Furgangen - Muhlebach within walking distance of chalet Belle Helene.","breadcrumb":{"@id":"https:\/\/belle-helene.com\/en\/mountain-hike\/family-trip-suspension-bridge-furgangen-muhlebach\/#breadcrumb"},"inLanguage":"en-US","potentialAction":[{"@type":"ReadAction","target":["https:\/\/belle-helene.com\/en\/mountain-hike\/family-trip-suspension-bridge-furgangen-muhlebach\/"]}]},{"@type":"BreadcrumbList","@id":"https:\/\/belle-helene.com\/en\/mountain-hike\/family-trip-suspension-bridge-furgangen-muhlebach\/#breadcrumb","itemListElement":[{"@type":"ListItem","position":1,"name":"Home","item":"https:\/\/belle-helene.com\/en\/"},{"@type":"ListItem","position":2,"name":"Family trip suspension bridge F\u00fcrgangen &#8211; M\u00fchlebach"}]},{"@type":"WebSite","@id":"https:\/\/belle-helene.com\/en\/#website","url":"https:\/\/belle-helene.com\/en\/","name":"Chalet Belle H\u00e9l\u00e8ne","description":"Chalet te huur in Fiesch (Wallis, Zwitserland)","publisher":{"@id":"https:\/\/belle-helene.com\/en\/#organization"},"potentialAction":[{"@type":"SearchAction","target":{"@type":"EntryPoint","urlTemplate":"https:\/\/belle-helene.com\/en\/?s={search_term_string}"},"query-input":{"@type":"PropertyValueSpecification","valueRequired":true,"valueName":"search_term_string"}}],"inLanguage":"en-US"},{"@type":"Organization","@id":"https:\/\/belle-helene.com\/en\/#organization","name":"Chalet Belle H\u00e9l\u00e8ne","url":"https:\/\/belle-helene.com\/en\/","logo":{"@type":"ImageObject","inLanguage":"en-US","@id":"https:\/\/belle-helene.com\/en\/#\/schema\/logo\/image\/","url":"","contentUrl":"","caption":"Chalet Belle H\u00e9l\u00e8ne"},"image":{"@id":"https:\/\/belle-helene.com\/en\/#\/schema\/logo\/image\/"},"sameAs":["https:\/\/www.facebook.com\/Chalet-Belle-Helene-112540057201399","https:\/\/x.com\/FranklinProsman","https:\/\/www.linkedin.com\/in\/franklinprosman\/"]}]}},"_links":{"self":[{"href":"https:\/\/belle-helene.com\/en\/wp-json\/wp\/v2\/pages\/2350","targetHints":{"allow":["GET"]}}],"collection":[{"href":"https:\/\/belle-helene.com\/en\/wp-json\/wp\/v2\/pages"}],"about":[{"href":"https:\/\/belle-helene.com\/en\/wp-json\/wp\/v2\/types\/page"}],"author":[{"embeddable":true,"href":"https:\/\/belle-helene.com\/en\/wp-json\/wp\/v2\/users\/4"}],"replies":[{"embeddable":true,"href":"https:\/\/belle-helene.com\/en\/wp-json\/wp\/v2\/comments?post=2350"}],"version-history":[{"count":3,"href":"https:\/\/belle-helene.com\/en\/wp-json\/wp\/v2\/pages\/2350\/revisions"}],"predecessor-version":[{"id":2353,"href":"https:\/\/belle-helene.com\/en\/wp-json\/wp\/v2\/pages\/2350\/revisions\/2353"}],"up":[{"embeddable":true,"href":"https:\/\/belle-helene.com\/en\/wp-json\/wp\/v2\/pages\/2358"}],"wp:attachment":[{"href":"https:\/\/belle-helene.com\/en\/wp-json\/wp\/v2\/media?parent=2350"}],"curies":[{"name":"wp","href":"https:\/\/api.w.org\/{rel}","templated":true}]}}